{"id":93,"date":"2024-09-27T10:03:07","date_gmt":"2024-09-27T10:03:07","guid":{"rendered":"https:\/\/demo2wpopal.b-cdn.net\/autoros\/?page_id=93"},"modified":"2025-07-03T11:43:59","modified_gmt":"2025-07-03T11:43:59","slug":"about-us","status":"publish","type":"page","link":"https:\/\/pikosan.com.tr\/index.php\/about-us\/","title":{"rendered":"Hakk\u0131m\u0131zda"},"content":{"rendered":"\t\t<div data-elementor-type=\"wp-page\" data-elementor-id=\"93\" class=\"elementor elementor-93\" data-elementor-post-type=\"page\">\n\t\t\t\t<div class=\"elementor-element elementor-element-55b8d08 e-flex e-con-boxed e-con e-parent\" data-id=\"55b8d08\" data-element_type=\"container\">\n\t\t\t\t\t<div class=\"e-con-inner\">\n\t\t<div class=\"elementor-element elementor-element-04cd2e2 e-con-full e-flex e-con e-child\" data-id=\"04cd2e2\" data-element_type=\"container\">\n\t\t\t\t<div class=\"elementor-element elementor-element-4b24151 elementor-icon-list--layout-traditional elementor-list-item-link-full_width elementor-widget elementor-widget-icon-list\" data-id=\"4b24151\" data-element_type=\"widget\" data-widget_type=\"icon-list.default\">\n\t\t\t\t<div class=\"elementor-widget-container\">\n\t\t\t\t\t\t\t<ul class=\"elementor-icon-list-items\">\n\t\t\t\t\t\t\t<li class=\"elementor-icon-list-item\">\n\t\t\t\t\t\t\t\t\t\t\t<span class=\"elementor-icon-list-icon\">\n\t\t\t\t\t\t\t<svg xmlns=\"http:\/\/www.w3.org\/2000\/svg\" width=\"59\" height=\"32\" viewBox=\"0 0 59 32\"><path d=\"M39.629 2.228c0.214-1.286 1.327-2.228 2.63-2.228h13.26c1.648 0 2.901 1.48 2.63 3.105l-4.444 26.667c-0.214 1.286-1.327 2.228-2.63 2.228h-13.26c-1.648 0-2.901-1.48-2.63-3.105l4.444-26.667z\"><\/path><path opacity=\"0.6\" d=\"M18.295 2.228c0.214-1.286 1.327-2.228 2.63-2.228h7.926c1.648 0 2.901 1.48 2.63 3.105l-4.444 26.667c-0.214 1.286-1.327 2.228-2.63 2.228h-7.926c-1.648 0-2.901-1.48-2.63-3.105l4.444-26.667z\"><\/path><path opacity=\"0.4\" d=\"M4.967 2.198c0.211-1.268 1.309-2.198 2.595-2.198 1.625 0 2.862 1.46 2.595 3.063l-4.457 26.739c-0.211 1.268-1.309 2.198-2.595 2.198-1.625 0-2.862-1.459-2.595-3.063l4.457-26.739z\"><\/path><\/svg>\t\t\t\t\t\t<\/span>\n\t\t\t\t\t\t\t\t\t\t<span class=\"elementor-icon-list-text\">HaKKIMIZDA<\/span>\n\t\t\t\t\t\t\t\t\t<\/li>\n\t\t\t\t\t\t<\/ul>\n\t\t\t\t\t\t<\/div>\n\t\t\t\t<\/div>\n\t\t\t\t<div class=\"elementor-element elementor-element-852ed90 elementor-widget__width-initial elementor-widget elementor-widget-text-editor\" data-id=\"852ed90\" data-element_type=\"widget\" data-widget_type=\"text-editor.default\">\n\t\t\t\t<div class=\"elementor-widget-container\">\n\t\t\t\t\t\t\t\t\t<ul style=\"line-height: 1.6;\"><li><b>2003 &#8211;\u00a0<\/b>Otomotiv sekt\u00f6r\u00fc ba\u015fta olmak \u00fczere ,sac metal kal\u0131p imalat\u0131 yapmak i\u00e7in K\u00fc\u00e7\u00fck Sanayi Sitesi B\u00f6lgesinde kuruldu.<\/li><li><b>2005 &#8211; <\/b>Hedefleri do\u011frultusunda daha kurumsal bir yap\u0131ya kavu\u015fmak i\u00e7in NOSAB Organize Sanayi B\u00f6lgesine ta\u015f\u0131nd\u0131 ve \u015firketle\u015fti.<\/li><li><b>2008 &#8211;<\/b> Sekt\u00f6r\u00fcn ihtiya\u00e7lar\u0131n\u0131 kar\u015f\u0131lamak \u00fczere sac \u015fekillendirme ve montajl\u0131 par\u00e7a konusunda yat\u0131r\u0131mlar\u0131n\u0131 yaparak faaliyetlerine devam etti.<\/li><li><b>2010 &#8211;<\/b> Makina parkurunu ve kalite sistemini geli\u015ftirerek sekt\u00f6r\u00fcn lider kurulu\u015flar\u0131 aras\u0131ndaki yerini ald\u0131.<\/li><li><b>2012 &#8211;<\/b> 5000m\u00b2 kapal\u0131 alanda 80 \u00e7al\u0131\u015fan\u0131yla NOSAB organize sanayi b\u00f6lgesinde geli\u015fmeleri takip ederek ve yeni yat\u0131r\u0131m hedefleri do\u011frultusunda \u00e7al\u0131\u015fmalar\u0131na devam etmi\u015ftir.<\/li><li><b>2017 &#8211;<\/b> Y\u00fcksek tonajl\u0131 preslere yat\u0131r\u0131m yap\u0131larak makine parkuru geni\u015fletilmi\u015ftir. (600T-800T-1000T-1250T)<\/li><li><b>2018 &#8211;<\/b> STA Kal\u0131p Makina firmas\u0131 kurularak hem Pikosan b\u00fcnyesine hem de d\u0131\u015f m\u00fc\u015fterilere prograsif, transfer ve tandem kal\u0131p imalat\u0131na ba\u015flanm\u0131\u015ft\u0131r.<\/li><li><b>2021 &#8211;<\/b> 1000 Ton ve 1800 Ton y\u00fcksek tonajl\u0131 pres yat\u0131r\u0131mlar\u0131 ile G\u00f6r\u00fckle&#8217;de ikinci seri \u00fcretim lokasyonu devreye al\u0131nm\u0131\u015ft\u0131r.<\/li><li><b>2024 &#8211;<\/b> 8 mm kal\u0131nl\u0131kta sac s\u00fcrme kapasitesine sahip s\u00fcr\u00fcc\u00fc yat\u0131r\u0131m\u0131 tamamlanm\u0131\u015ft\u0131r.\u00a0<\/li><li><b>2025 &#8211;<\/b> 1600 Ton s\u0131f\u0131r pres yat\u0131r\u0131m\u0131 yap\u0131lm\u0131\u015f ve y\u0131l sonunda devreye al\u0131nmas\u0131 planlanm\u0131\u015ft\u0131r. Yeni yat\u0131r\u0131mlar\u0131m\u0131z devam etmektedir&#8230;<\/li><\/ul>\t\t\t\t\t\t\t\t<\/div>\n\t\t\t\t<\/div>\n\t\t\t\t<\/div>\n\t\t\t\t\t<\/div>\n\t\t\t\t<\/div>\n\t\t<div class=\"elementor-element elementor-element-6046261 e-flex e-con-boxed e-con e-parent\" data-id=\"6046261\" data-element_type=\"container\">\n\t\t\t\t\t<div class=\"e-con-inner\">\n\t\t\t\t<div class=\"elementor-element elementor-element-d49f526 elementor-widget elementor-widget-image\" data-id=\"d49f526\" data-element_type=\"widget\" data-widget_type=\"image.default\">\n\t\t\t\t<div class=\"elementor-widget-container\">\n\t\t\t\t\t\t\t\t\t\t\t\t\t\t\t<img fetchpriority=\"high\" decoding=\"async\" width=\"1920\" height=\"624\" src=\"https:\/\/pikosan.com.tr\/wp-content\/uploads\/2025\/06\/Tarhice.jpg\" class=\"attachment-full size-full wp-image-5899\" alt=\"\" srcset=\"https:\/\/pikosan.com.tr\/wp-content\/uploads\/2025\/06\/Tarhice.jpg 1920w, https:\/\/pikosan.com.tr\/wp-content\/uploads\/2025\/06\/Tarhice-300x98.jpg 300w, https:\/\/pikosan.com.tr\/wp-content\/uploads\/2025\/06\/Tarhice-1024x333.jpg 1024w, https:\/\/pikosan.com.tr\/wp-content\/uploads\/2025\/06\/Tarhice-768x250.jpg 768w, https:\/\/pikosan.com.tr\/wp-content\/uploads\/2025\/06\/Tarhice-1536x499.jpg 1536w, https:\/\/pikosan.com.tr\/wp-content\/uploads\/2025\/06\/Tarhice-450x146.jpg 450w, https:\/\/pikosan.com.tr\/wp-content\/uploads\/2025\/06\/Tarhice-800x260.jpg 800w\" sizes=\"(max-width: 1920px) 100vw, 1920px\" \/>\t\t\t\t\t\t\t\t\t\t\t\t\t\t\t<\/div>\n\t\t\t\t<\/div>\n\t\t\t\t\t<\/div>\n\t\t\t\t<\/div>\n\t\t<div class=\"elementor-element elementor-element-89c9832 e-flex e-con-boxed e-con e-parent\" data-id=\"89c9832\" data-element_type=\"container\">\n\t\t\t\t\t<div class=\"e-con-inner\">\n\t\t<div class=\"elementor-element elementor-element-b91a256 e-con-full e-flex e-con e-child\" data-id=\"b91a256\" data-element_type=\"container\">\n\t\t\t\t<div class=\"elementor-element elementor-element-2bf9618 elementor-icon-list--layout-traditional elementor-list-item-link-full_width elementor-widget elementor-widget-icon-list\" data-id=\"2bf9618\" data-element_type=\"widget\" data-widget_type=\"icon-list.default\">\n\t\t\t\t<div class=\"elementor-widget-container\">\n\t\t\t\t\t\t\t<ul class=\"elementor-icon-list-items\">\n\t\t\t\t\t\t\t<li class=\"elementor-icon-list-item\">\n\t\t\t\t\t\t\t\t\t\t\t<span class=\"elementor-icon-list-icon\">\n\t\t\t\t\t\t\t<svg xmlns=\"http:\/\/www.w3.org\/2000\/svg\" width=\"59\" height=\"32\" viewBox=\"0 0 59 32\"><path d=\"M39.629 2.228c0.214-1.286 1.327-2.228 2.63-2.228h13.26c1.648 0 2.901 1.48 2.63 3.105l-4.444 26.667c-0.214 1.286-1.327 2.228-2.63 2.228h-13.26c-1.648 0-2.901-1.48-2.63-3.105l4.444-26.667z\"><\/path><path opacity=\"0.6\" d=\"M18.295 2.228c0.214-1.286 1.327-2.228 2.63-2.228h7.926c1.648 0 2.901 1.48 2.63 3.105l-4.444 26.667c-0.214 1.286-1.327 2.228-2.63 2.228h-7.926c-1.648 0-2.901-1.48-2.63-3.105l4.444-26.667z\"><\/path><path opacity=\"0.4\" d=\"M4.967 2.198c0.211-1.268 1.309-2.198 2.595-2.198 1.625 0 2.862 1.46 2.595 3.063l-4.457 26.739c-0.211 1.268-1.309 2.198-2.595 2.198-1.625 0-2.862-1.459-2.595-3.063l4.457-26.739z\"><\/path><\/svg>\t\t\t\t\t\t<\/span>\n\t\t\t\t\t\t\t\t\t\t<span class=\"elementor-icon-list-text\">HEDEF\u0130M\u0130Z<\/span>\n\t\t\t\t\t\t\t\t\t<\/li>\n\t\t\t\t\t\t<\/ul>\n\t\t\t\t\t\t<\/div>\n\t\t\t\t<\/div>\n\t\t\t\t<div class=\"elementor-element elementor-element-7687395 elementor-widget-laptop__width-initial elementor-widget elementor-widget-text-editor\" data-id=\"7687395\" data-element_type=\"widget\" data-widget_type=\"text-editor.default\">\n\t\t\t\t<div class=\"elementor-widget-container\">\n\t\t\t\t\t\t\t\t\t<p><span style=\"font-weight: 400;\">De\u011fi\u015fen ve geli\u015fen d\u00fcnyaya ayak uydurmak, yeni teknolojileri kullanarak ve d\u00fc\u015f\u00fcnce yap\u0131m\u0131z\u0131 s\u00fcrekli geli\u015ftirerek sekt\u00f6r\u00fcn lider firmalar\u0131 aras\u0131nda yerimizi almakt\u0131r.<\/span><\/p>\t\t\t\t\t\t\t\t<\/div>\n\t\t\t\t<\/div>\n\t\t\t\t<\/div>\n\t\t\t\t\t<\/div>\n\t\t\t\t<\/div>\n\t\t\t\t<\/div>\n\t\t","protected":false},"excerpt":{"rendered":"<p>HaKKIMIZDA 2003 &#8211;\u00a0Otomotiv sekt\u00f6r\u00fc ba\u015fta olmak \u00fczere ,sac metal kal\u0131p imalat\u0131 yapmak i\u00e7in K\u00fc\u00e7\u00fck Sanayi Sitesi B\u00f6lgesinde kuruldu. 2005 &#8211; Hedefleri do\u011frultusunda daha kurumsal bir yap\u0131ya kavu\u015fmak i\u00e7in NOSAB Organize Sanayi B\u00f6lgesine ta\u015f\u0131nd\u0131 ve \u015firketle\u015fti. 2008 &#8211; Sekt\u00f6r\u00fcn ihtiya\u00e7lar\u0131n\u0131 kar\u015f\u0131lamak \u00fczere sac \u015fekillendirme ve montajl\u0131 par\u00e7a konusunda yat\u0131r\u0131mlar\u0131n\u0131 yaparak faaliyetlerine devam etti. 2010 &#8211; Makina [&hellip;]<\/p>\n","protected":false},"author":1,"featured_media":0,"parent":0,"menu_order":0,"comment_status":"closed","ping_status":"closed","template":"elementor_header_footer","meta":{"footnotes":""},"class_list":["post-93","page","type-page","status-publish","hentry"],"_links":{"self":[{"href":"https:\/\/pikosan.com.tr\/index.php\/wp-json\/wp\/v2\/pages\/93"}],"collection":[{"href":"https:\/\/pikosan.com.tr\/index.php\/wp-json\/wp\/v2\/pages"}],"about":[{"href":"https:\/\/pikosan.com.tr\/index.php\/wp-json\/wp\/v2\/types\/page"}],"author":[{"embeddable":true,"href":"https:\/\/pikosan.com.tr\/index.php\/wp-json\/wp\/v2\/users\/1"}],"replies":[{"embeddable":true,"href":"https:\/\/pikosan.com.tr\/index.php\/wp-json\/wp\/v2\/comments?post=93"}],"version-history":[{"count":40,"href":"https:\/\/pikosan.com.tr\/index.php\/wp-json\/wp\/v2\/pages\/93\/revisions"}],"predecessor-version":[{"id":6005,"href":"https:\/\/pikosan.com.tr\/index.php\/wp-json\/wp\/v2\/pages\/93\/revisions\/6005"}],"wp:attachment":[{"href":"https:\/\/pikosan.com.tr\/index.php\/wp-json\/wp\/v2\/media?parent=93"}],"curies":[{"name":"wp","href":"https:\/\/api.w.org\/{rel}","templated":true}]}}