{"id":5294,"date":"2025-03-06T21:35:38","date_gmt":"2025-03-06T21:35:38","guid":{"rendered":"https:\/\/pikosan.com.tr\/?page_id=5294"},"modified":"2025-07-22T10:23:03","modified_gmt":"2025-07-22T10:23:03","slug":"sta-kalip-menu","status":"publish","type":"page","link":"https:\/\/pikosan.com.tr\/index.php\/sta-kalip-menu\/","title":{"rendered":"STA Kal\u0131p Men\u00fc"},"content":{"rendered":"\t\t<div data-elementor-type=\"wp-page\" data-elementor-id=\"5294\" class=\"elementor elementor-5294\" data-elementor-post-type=\"page\">\n\t\t\t\t<div class=\"elementor-element elementor-element-9276527 e-flex e-con-boxed e-con e-parent\" data-id=\"9276527\" data-element_type=\"container\">\n\t\t\t\t\t<div class=\"e-con-inner\">\n\t\t<div class=\"elementor-element elementor-element-52b66f6 e-con-full e-flex e-con e-child\" data-id=\"52b66f6\" data-element_type=\"container\">\n\t\t<div class=\"elementor-element elementor-element-b0c96f2 e-con-full e-flex e-con e-child\" data-id=\"b0c96f2\" data-element_type=\"container\">\n\t\t\t\t<div class=\"elementor-element elementor-element-fccc943 elementor-view-default elementor-widget elementor-widget-icon\" data-id=\"fccc943\" data-element_type=\"widget\" data-widget_type=\"icon.default\">\n\t\t\t\t<div class=\"elementor-widget-container\">\n\t\t\t\t\t\t\t<div class=\"elementor-icon-wrapper\">\n\t\t\t<div class=\"elementor-icon\">\n\t\t\t<svg xmlns=\"http:\/\/www.w3.org\/2000\/svg\" width=\"59\" height=\"32\" viewBox=\"0 0 59 32\"><path d=\"M39.629 2.228c0.214-1.286 1.327-2.228 2.63-2.228h13.26c1.648 0 2.901 1.48 2.63 3.105l-4.444 26.667c-0.214 1.286-1.327 2.228-2.63 2.228h-13.26c-1.648 0-2.901-1.48-2.63-3.105l4.444-26.667z\"><\/path><path opacity=\"0.6\" d=\"M18.295 2.228c0.214-1.286 1.327-2.228 2.63-2.228h7.926c1.648 0 2.901 1.48 2.63 3.105l-4.444 26.667c-0.214 1.286-1.327 2.228-2.63 2.228h-7.926c-1.648 0-2.901-1.48-2.63-3.105l4.444-26.667z\"><\/path><path opacity=\"0.4\" d=\"M4.967 2.198c0.211-1.268 1.309-2.198 2.595-2.198 1.625 0 2.862 1.46 2.595 3.063l-4.457 26.739c-0.211 1.268-1.309 2.198-2.595 2.198-1.625 0-2.862-1.459-2.595-3.063l4.457-26.739z\"><\/path><\/svg>\t\t\t<\/div>\n\t\t<\/div>\n\t\t\t\t\t\t<\/div>\n\t\t\t\t<\/div>\n\t\t\t\t<div class=\"elementor-element elementor-element-0de4d68 elementor-widget elementor-widget-heading\" data-id=\"0de4d68\" data-element_type=\"widget\" data-widget_type=\"heading.default\">\n\t\t\t\t<div class=\"elementor-widget-container\">\n\t\t\t\t\t<div class=\"elementor-heading-title elementor-size-default\">STA Kal\u0131p<\/div>\t\t\t\t<\/div>\n\t\t\t\t<\/div>\n\t\t\t\t<div class=\"elementor-element elementor-element-d438844 e-transform e-transform elementor-view-default elementor-widget elementor-widget-icon\" data-id=\"d438844\" data-element_type=\"widget\" data-settings=\"{&quot;_transform_flipX_effect&quot;:&quot;transform&quot;,&quot;_transform_flipY_effect&quot;:&quot;transform&quot;}\" data-widget_type=\"icon.default\">\n\t\t\t\t<div class=\"elementor-widget-container\">\n\t\t\t\t\t\t\t<div class=\"elementor-icon-wrapper\">\n\t\t\t<div class=\"elementor-icon\">\n\t\t\t<svg xmlns=\"http:\/\/www.w3.org\/2000\/svg\" width=\"59\" height=\"32\" viewBox=\"0 0 59 32\"><path d=\"M39.629 2.228c0.214-1.286 1.327-2.228 2.63-2.228h13.26c1.648 0 2.901 1.48 2.63 3.105l-4.444 26.667c-0.214 1.286-1.327 2.228-2.63 2.228h-13.26c-1.648 0-2.901-1.48-2.63-3.105l4.444-26.667z\"><\/path><path opacity=\"0.6\" d=\"M18.295 2.228c0.214-1.286 1.327-2.228 2.63-2.228h7.926c1.648 0 2.901 1.48 2.63 3.105l-4.444 26.667c-0.214 1.286-1.327 2.228-2.63 2.228h-7.926c-1.648 0-2.901-1.48-2.63-3.105l4.444-26.667z\"><\/path><path opacity=\"0.4\" d=\"M4.967 2.198c0.211-1.268 1.309-2.198 2.595-2.198 1.625 0 2.862 1.46 2.595 3.063l-4.457 26.739c-0.211 1.268-1.309 2.198-2.595 2.198-1.625 0-2.862-1.459-2.595-3.063l4.457-26.739z\"><\/path><\/svg>\t\t\t<\/div>\n\t\t<\/div>\n\t\t\t\t\t\t<\/div>\n\t\t\t\t<\/div>\n\t\t\t\t<\/div>\n\t\t\t\t<\/div>\n\t\t\t\t\t<\/div>\n\t\t\t\t<\/div>\n\t\t<div class=\"elementor-element elementor-element-2f851fe e-flex e-con-boxed e-con e-parent\" data-id=\"2f851fe\" data-element_type=\"container\">\n\t\t\t\t\t<div class=\"e-con-inner\">\n\t\t<div class=\"elementor-element elementor-element-dceb78e e-con-full e-flex e-con e-child\" data-id=\"dceb78e\" data-element_type=\"container\">\n\t\t\t\t<div class=\"elementor-element elementor-element-300174d elementor-widget elementor-widget-text-editor\" data-id=\"300174d\" data-element_type=\"widget\" data-widget_type=\"text-editor.default\">\n\t\t\t\t<div class=\"elementor-widget-container\">\n\t\t\t\t\t\t\t\t\t<div class=\"elementor-element elementor-element-2de2510 elementor-widget__width-initial elementor-widget elementor-widget-text-editor\" data-id=\"2de2510\" data-element_type=\"widget\" data-widget_type=\"text-editor.default\">\n<div class=\"elementor-widget-container\">\n<p>NOSAB organize sanayi b\u00f6lgesinde geli\u015fmeleri takip ederek prograsif \/ transfer \/ tandem kal\u0131p imalatlar\u0131n\u0131 s\u00fcrd\u00fcrmektedir.<\/p>\n<\/div>\n<\/div>\t\t\t\t\t\t\t\t<\/div>\n\t\t\t\t<\/div>\n\t\t\t\t<\/div>\n\t\t\t\t\t<\/div>\n\t\t\t\t<\/div>\n\t\t<div class=\"elementor-element elementor-element-a23414e e-flex e-con-boxed e-con e-parent\" data-id=\"a23414e\" data-element_type=\"container\">\n\t\t\t\t\t<div class=\"e-con-inner\">\n\t\t<div class=\"elementor-element elementor-element-9961c4a e-con-full e-flex e-con e-child\" data-id=\"9961c4a\" data-element_type=\"container\">\n\t\t\t\t<div class=\"elementor-element elementor-element-fcd5214 elementor-widget elementor-widget-image\" data-id=\"fcd5214\" data-element_type=\"widget\" data-widget_type=\"image.default\">\n\t\t\t\t<div class=\"elementor-widget-container\">\n\t\t\t\t\t\t\t\t\t\t\t\t\t\t\t\t<a href=\"\/index.php\/sta-kalip-makina-parkurumuz\/\">\n\t\t\t\t\t\t\t<img fetchpriority=\"high\" decoding=\"async\" width=\"900\" height=\"570\" src=\"https:\/\/pikosan.com.tr\/wp-content\/uploads\/2025\/07\/Pikosan02-01-1024x649.jpg\" class=\"attachment-large size-large wp-image-6055\" alt=\"\" srcset=\"https:\/\/pikosan.com.tr\/wp-content\/uploads\/2025\/07\/Pikosan02-01-1024x649.jpg 1024w, https:\/\/pikosan.com.tr\/wp-content\/uploads\/2025\/07\/Pikosan02-01-300x190.jpg 300w, https:\/\/pikosan.com.tr\/wp-content\/uploads\/2025\/07\/Pikosan02-01-768x486.jpg 768w, https:\/\/pikosan.com.tr\/wp-content\/uploads\/2025\/07\/Pikosan02-01-450x285.jpg 450w, https:\/\/pikosan.com.tr\/wp-content\/uploads\/2025\/07\/Pikosan02-01-800x507.jpg 800w, https:\/\/pikosan.com.tr\/wp-content\/uploads\/2025\/07\/Pikosan02-01.jpg 1500w\" sizes=\"(max-width: 900px) 100vw, 900px\" \/>\t\t\t\t\t\t\t\t<\/a>\n\t\t\t\t\t\t\t\t\t\t\t\t\t\t\t<\/div>\n\t\t\t\t<\/div>\n\t\t\t\t<div class=\"elementor-element elementor-element-7d4d8ad elementor-widget elementor-widget-image\" data-id=\"7d4d8ad\" data-element_type=\"widget\" data-widget_type=\"image.default\">\n\t\t\t\t<div class=\"elementor-widget-container\">\n\t\t\t\t\t\t\t\t\t\t\t\t\t\t\t\t<a href=\"\/index.php\/sta-kalip-makina-parkurumuz\/\">\n\t\t\t\t\t\t\t<img decoding=\"async\" width=\"900\" height=\"55\" src=\"https:\/\/pikosan.com.tr\/wp-content\/uploads\/2025\/07\/Title-Pikosan-03-01-1024x63.jpg\" class=\"attachment-large size-large wp-image-6040\" alt=\"\" srcset=\"https:\/\/pikosan.com.tr\/wp-content\/uploads\/2025\/07\/Title-Pikosan-03-01-1024x63.jpg 1024w, https:\/\/pikosan.com.tr\/wp-content\/uploads\/2025\/07\/Title-Pikosan-03-01-300x18.jpg 300w, https:\/\/pikosan.com.tr\/wp-content\/uploads\/2025\/07\/Title-Pikosan-03-01-768x47.jpg 768w, https:\/\/pikosan.com.tr\/wp-content\/uploads\/2025\/07\/Title-Pikosan-03-01-450x28.jpg 450w, https:\/\/pikosan.com.tr\/wp-content\/uploads\/2025\/07\/Title-Pikosan-03-01-800x49.jpg 800w, https:\/\/pikosan.com.tr\/wp-content\/uploads\/2025\/07\/Title-Pikosan-03-01.jpg 1468w\" sizes=\"(max-width: 900px) 100vw, 900px\" \/>\t\t\t\t\t\t\t\t<\/a>\n\t\t\t\t\t\t\t\t\t\t\t\t\t\t\t<\/div>\n\t\t\t\t<\/div>\n\t\t\t\t<\/div>\n\t\t<div class=\"elementor-element elementor-element-f281259 e-con-full e-flex e-con e-child\" data-id=\"f281259\" data-element_type=\"container\">\n\t\t\t\t<div class=\"elementor-element elementor-element-b2fc96c elementor-widget elementor-widget-image\" data-id=\"b2fc96c\" data-element_type=\"widget\" data-widget_type=\"image.default\">\n\t\t\t\t<div class=\"elementor-widget-container\">\n\t\t\t\t\t\t\t\t\t\t\t\t\t\t\t\t<a href=\"\/index.php\/sta-kalip-urunler-sayfa\/\">\n\t\t\t\t\t\t\t<img decoding=\"async\" width=\"900\" height=\"570\" src=\"https:\/\/pikosan.com.tr\/wp-content\/uploads\/2025\/07\/Pikosan02-02-1024x649.jpg\" class=\"attachment-large size-large wp-image-6056\" alt=\"\" srcset=\"https:\/\/pikosan.com.tr\/wp-content\/uploads\/2025\/07\/Pikosan02-02-1024x649.jpg 1024w, https:\/\/pikosan.com.tr\/wp-content\/uploads\/2025\/07\/Pikosan02-02-300x190.jpg 300w, https:\/\/pikosan.com.tr\/wp-content\/uploads\/2025\/07\/Pikosan02-02-768x486.jpg 768w, https:\/\/pikosan.com.tr\/wp-content\/uploads\/2025\/07\/Pikosan02-02-450x285.jpg 450w, https:\/\/pikosan.com.tr\/wp-content\/uploads\/2025\/07\/Pikosan02-02-800x507.jpg 800w, https:\/\/pikosan.com.tr\/wp-content\/uploads\/2025\/07\/Pikosan02-02.jpg 1500w\" sizes=\"(max-width: 900px) 100vw, 900px\" \/>\t\t\t\t\t\t\t\t<\/a>\n\t\t\t\t\t\t\t\t\t\t\t\t\t\t\t<\/div>\n\t\t\t\t<\/div>\n\t\t\t\t<div class=\"elementor-element elementor-element-55a0a68 elementor-widget elementor-widget-image\" data-id=\"55a0a68\" data-element_type=\"widget\" data-widget_type=\"image.default\">\n\t\t\t\t<div class=\"elementor-widget-container\">\n\t\t\t\t\t\t\t\t\t\t\t\t\t\t\t\t<a href=\"\/index.php\/sta-kalip-urunler-sayfa\/\">\n\t\t\t\t\t\t\t<img loading=\"lazy\" decoding=\"async\" width=\"900\" height=\"55\" src=\"https:\/\/pikosan.com.tr\/wp-content\/uploads\/2025\/07\/Title-Pikosan-03-02-1024x63.jpg\" class=\"attachment-large size-large wp-image-6041\" alt=\"\" srcset=\"https:\/\/pikosan.com.tr\/wp-content\/uploads\/2025\/07\/Title-Pikosan-03-02-1024x63.jpg 1024w, https:\/\/pikosan.com.tr\/wp-content\/uploads\/2025\/07\/Title-Pikosan-03-02-300x18.jpg 300w, https:\/\/pikosan.com.tr\/wp-content\/uploads\/2025\/07\/Title-Pikosan-03-02-768x47.jpg 768w, https:\/\/pikosan.com.tr\/wp-content\/uploads\/2025\/07\/Title-Pikosan-03-02-450x28.jpg 450w, https:\/\/pikosan.com.tr\/wp-content\/uploads\/2025\/07\/Title-Pikosan-03-02-800x49.jpg 800w, https:\/\/pikosan.com.tr\/wp-content\/uploads\/2025\/07\/Title-Pikosan-03-02.jpg 1468w\" sizes=\"(max-width: 900px) 100vw, 900px\" \/>\t\t\t\t\t\t\t\t<\/a>\n\t\t\t\t\t\t\t\t\t\t\t\t\t\t\t<\/div>\n\t\t\t\t<\/div>\n\t\t\t\t<\/div>\n\t\t\t\t\t<\/div>\n\t\t\t\t<\/div>\n\t\t<div class=\"elementor-element elementor-element-99bbae9 e-flex e-con-boxed e-con e-parent\" data-id=\"99bbae9\" data-element_type=\"container\">\n\t\t\t\t\t<div class=\"e-con-inner\">\n\t\t<div class=\"elementor-element elementor-element-cf90d57 e-con-full e-flex e-con e-child\" data-id=\"cf90d57\" data-element_type=\"container\">\n\t\t\t\t<div class=\"elementor-element elementor-element-02af509 elementor-widget elementor-widget-image\" data-id=\"02af509\" data-element_type=\"widget\" data-widget_type=\"image.default\">\n\t\t\t\t<div class=\"elementor-widget-container\">\n\t\t\t\t\t\t\t\t\t\t\t\t\t\t\t\t<a href=\"\/index.php\/sta-kalip-kalite\/\">\n\t\t\t\t\t\t\t<img loading=\"lazy\" decoding=\"async\" width=\"900\" height=\"570\" src=\"https:\/\/pikosan.com.tr\/wp-content\/uploads\/2025\/07\/Pikosan01-03-1024x649.jpg\" class=\"attachment-large size-large wp-image-6037\" alt=\"\" srcset=\"https:\/\/pikosan.com.tr\/wp-content\/uploads\/2025\/07\/Pikosan01-03-1024x649.jpg 1024w, https:\/\/pikosan.com.tr\/wp-content\/uploads\/2025\/07\/Pikosan01-03-300x190.jpg 300w, https:\/\/pikosan.com.tr\/wp-content\/uploads\/2025\/07\/Pikosan01-03-768x486.jpg 768w, https:\/\/pikosan.com.tr\/wp-content\/uploads\/2025\/07\/Pikosan01-03-450x285.jpg 450w, https:\/\/pikosan.com.tr\/wp-content\/uploads\/2025\/07\/Pikosan01-03-800x507.jpg 800w, https:\/\/pikosan.com.tr\/wp-content\/uploads\/2025\/07\/Pikosan01-03.jpg 1500w\" sizes=\"(max-width: 900px) 100vw, 900px\" \/>\t\t\t\t\t\t\t\t<\/a>\n\t\t\t\t\t\t\t\t\t\t\t\t\t\t\t<\/div>\n\t\t\t\t<\/div>\n\t\t\t\t<div class=\"elementor-element elementor-element-918970a elementor-widget elementor-widget-image\" data-id=\"918970a\" data-element_type=\"widget\" data-widget_type=\"image.default\">\n\t\t\t\t<div class=\"elementor-widget-container\">\n\t\t\t\t\t\t\t\t\t\t\t\t\t\t\t\t<a href=\"\/index.php\/sta-kalip-kalite\/\">\n\t\t\t\t\t\t\t<img loading=\"lazy\" decoding=\"async\" width=\"900\" height=\"55\" src=\"https:\/\/pikosan.com.tr\/wp-content\/uploads\/2025\/07\/Title-Pikosan-03-03-1024x63.jpg\" class=\"attachment-large size-large wp-image-6042\" alt=\"\" srcset=\"https:\/\/pikosan.com.tr\/wp-content\/uploads\/2025\/07\/Title-Pikosan-03-03-1024x63.jpg 1024w, https:\/\/pikosan.com.tr\/wp-content\/uploads\/2025\/07\/Title-Pikosan-03-03-300x18.jpg 300w, https:\/\/pikosan.com.tr\/wp-content\/uploads\/2025\/07\/Title-Pikosan-03-03-768x47.jpg 768w, https:\/\/pikosan.com.tr\/wp-content\/uploads\/2025\/07\/Title-Pikosan-03-03-450x28.jpg 450w, https:\/\/pikosan.com.tr\/wp-content\/uploads\/2025\/07\/Title-Pikosan-03-03-800x49.jpg 800w, https:\/\/pikosan.com.tr\/wp-content\/uploads\/2025\/07\/Title-Pikosan-03-03.jpg 1468w\" sizes=\"(max-width: 900px) 100vw, 900px\" \/>\t\t\t\t\t\t\t\t<\/a>\n\t\t\t\t\t\t\t\t\t\t\t\t\t\t\t<\/div>\n\t\t\t\t<\/div>\n\t\t\t\t<\/div>\n\t\t<div class=\"elementor-element elementor-element-d7831d0 e-con-full e-flex e-con e-child\" data-id=\"d7831d0\" data-element_type=\"container\">\n\t\t\t\t<div class=\"elementor-element elementor-element-ba4283a elementor-widget elementor-widget-image\" data-id=\"ba4283a\" data-element_type=\"widget\" data-widget_type=\"image.default\">\n\t\t\t\t<div class=\"elementor-widget-container\">\n\t\t\t\t\t\t\t\t\t\t\t\t\t\t\t\t<a href=\"\/index.php\/sta-kalip-lokasyon\/\">\n\t\t\t\t\t\t\t<img loading=\"lazy\" decoding=\"async\" width=\"900\" height=\"570\" src=\"https:\/\/pikosan.com.tr\/wp-content\/uploads\/2025\/07\/Pikosan02-04-1024x649.jpg\" class=\"attachment-large size-large wp-image-6058\" alt=\"\" srcset=\"https:\/\/pikosan.com.tr\/wp-content\/uploads\/2025\/07\/Pikosan02-04-1024x649.jpg 1024w, https:\/\/pikosan.com.tr\/wp-content\/uploads\/2025\/07\/Pikosan02-04-300x190.jpg 300w, https:\/\/pikosan.com.tr\/wp-content\/uploads\/2025\/07\/Pikosan02-04-768x486.jpg 768w, https:\/\/pikosan.com.tr\/wp-content\/uploads\/2025\/07\/Pikosan02-04-450x285.jpg 450w, https:\/\/pikosan.com.tr\/wp-content\/uploads\/2025\/07\/Pikosan02-04-800x507.jpg 800w, https:\/\/pikosan.com.tr\/wp-content\/uploads\/2025\/07\/Pikosan02-04.jpg 1500w\" sizes=\"(max-width: 900px) 100vw, 900px\" \/>\t\t\t\t\t\t\t\t<\/a>\n\t\t\t\t\t\t\t\t\t\t\t\t\t\t\t<\/div>\n\t\t\t\t<\/div>\n\t\t\t\t<div class=\"elementor-element elementor-element-da73422 elementor-widget elementor-widget-image\" data-id=\"da73422\" data-element_type=\"widget\" data-widget_type=\"image.default\">\n\t\t\t\t<div class=\"elementor-widget-container\">\n\t\t\t\t\t\t\t\t\t\t\t\t\t\t\t\t<a href=\"\/index.php\/sta-kalip-lokasyon\/\">\n\t\t\t\t\t\t\t<img loading=\"lazy\" decoding=\"async\" width=\"900\" height=\"55\" src=\"https:\/\/pikosan.com.tr\/wp-content\/uploads\/2025\/07\/Title-Pikosan-03-04-1024x63.jpg\" class=\"attachment-large size-large wp-image-6043\" alt=\"\" srcset=\"https:\/\/pikosan.com.tr\/wp-content\/uploads\/2025\/07\/Title-Pikosan-03-04-1024x63.jpg 1024w, https:\/\/pikosan.com.tr\/wp-content\/uploads\/2025\/07\/Title-Pikosan-03-04-300x18.jpg 300w, https:\/\/pikosan.com.tr\/wp-content\/uploads\/2025\/07\/Title-Pikosan-03-04-768x47.jpg 768w, https:\/\/pikosan.com.tr\/wp-content\/uploads\/2025\/07\/Title-Pikosan-03-04-450x28.jpg 450w, https:\/\/pikosan.com.tr\/wp-content\/uploads\/2025\/07\/Title-Pikosan-03-04-800x49.jpg 800w, https:\/\/pikosan.com.tr\/wp-content\/uploads\/2025\/07\/Title-Pikosan-03-04.jpg 1468w\" sizes=\"(max-width: 900px) 100vw, 900px\" \/>\t\t\t\t\t\t\t\t<\/a>\n\t\t\t\t\t\t\t\t\t\t\t\t\t\t\t<\/div>\n\t\t\t\t<\/div>\n\t\t\t\t<\/div>\n\t\t\t\t\t<\/div>\n\t\t\t\t<\/div>\n\t\t\t\t<\/div>\n\t\t","protected":false},"excerpt":{"rendered":"<p>STA Kal\u0131p NOSAB organize sanayi b\u00f6lgesinde geli\u015fmeleri takip ederek prograsif \/ transfer \/ tandem kal\u0131p imalatlar\u0131n\u0131 s\u00fcrd\u00fcrmektedir.<\/p>\n","protected":false},"author":1,"featured_media":0,"parent":0,"menu_order":0,"comment_status":"closed","ping_status":"closed","template":"template-homepage.php","meta":{"footnotes":""},"class_list":["post-5294","page","type-page","status-publish","hentry"],"_links":{"self":[{"href":"https:\/\/pikosan.com.tr\/index.php\/wp-json\/wp\/v2\/pages\/5294"}],"collection":[{"href":"https:\/\/pikosan.com.tr\/index.php\/wp-json\/wp\/v2\/pages"}],"about":[{"href":"https:\/\/pikosan.com.tr\/index.php\/wp-json\/wp\/v2\/types\/page"}],"author":[{"embeddable":true,"href":"https:\/\/pikosan.com.tr\/index.php\/wp-json\/wp\/v2\/users\/1"}],"replies":[{"embeddable":true,"href":"https:\/\/pikosan.com.tr\/index.php\/wp-json\/wp\/v2\/comments?post=5294"}],"version-history":[{"count":22,"href":"https:\/\/pikosan.com.tr\/index.php\/wp-json\/wp\/v2\/pages\/5294\/revisions"}],"predecessor-version":[{"id":6072,"href":"https:\/\/pikosan.com.tr\/index.php\/wp-json\/wp\/v2\/pages\/5294\/revisions\/6072"}],"wp:attachment":[{"href":"https:\/\/pikosan.com.tr\/index.php\/wp-json\/wp\/v2\/media?parent=5294"}],"curies":[{"name":"wp","href":"https:\/\/api.w.org\/{rel}","templated":true}]}}