{"id":5267,"date":"2025-03-06T21:20:26","date_gmt":"2025-03-06T21:20:26","guid":{"rendered":"https:\/\/pikosan.com.tr\/?page_id=5267"},"modified":"2025-03-06T21:42:52","modified_gmt":"2025-03-06T21:42:52","slug":"pikosan-metal-form-lokasyon","status":"publish","type":"page","link":"https:\/\/pikosan.com.tr\/index.php\/pikosan-metal-form-lokasyon\/","title":{"rendered":"pikosan metal form lokasyon"},"content":{"rendered":"\t\t<div data-elementor-type=\"wp-page\" data-elementor-id=\"5267\" class=\"elementor elementor-5267\" data-elementor-post-type=\"page\">\n\t\t\t\t<div class=\"elementor-element elementor-element-a5f855d e-flex e-con-boxed e-con e-parent\" data-id=\"a5f855d\" data-element_type=\"container\">\n\t\t\t\t\t<div class=\"e-con-inner\">\n\t\t<div class=\"elementor-element elementor-element-f3e3ea6 e-con-full e-flex e-con e-child\" data-id=\"f3e3ea6\" data-element_type=\"container\">\n\t\t\t\t<div class=\"elementor-element elementor-element-935e760 elementor-widget elementor-widget-shortcode\" data-id=\"935e760\" data-element_type=\"widget\" data-widget_type=\"shortcode.default\">\n\t\t\t\t<div class=\"elementor-widget-container\">\n\t\t\t\t\t\t\t<div class=\"elementor-shortcode\"><iframe src=\"https:\/\/www.google.com\/maps\/embed?pb=!1m18!1m12!1m3!1d3045.6317998153036!2d28.93614567654132!3d40.23948816640678!2m3!1f0!2f0!3f0!3m2!1i1024!2i768!4f13.1!3m3!1m2!1s0x14ca13e81af1de3f%3A0x45d2a102a751cd2!2sPikosan!5e0!3m2!1str!2str!4v1731746558708!5m2!1str!2str\" width=\"600\" height=\"450\" style=\"border:0;\" allowfullscreen=\"\" loading=\"lazy\" referrerpolicy=\"no-referrer-when-downgrade\"><\/iframe><\/div>\n\t\t\t\t\t\t<\/div>\n\t\t\t\t<\/div>\n\t\t\t\t<\/div>\n\t\t\t\t\t<\/div>\n\t\t\t\t<\/div>\n\t\t<div class=\"elementor-element elementor-element-2ed3b54 e-flex e-con-boxed e-con e-parent\" data-id=\"2ed3b54\" data-element_type=\"container\">\n\t\t\t\t\t<div class=\"e-con-inner\">\n\t\t<div class=\"elementor-element elementor-element-f41eada e-con-full e-flex e-con e-child\" data-id=\"f41eada\" data-element_type=\"container\">\n\t\t<div class=\"elementor-element elementor-element-3eb23f8 e-con-full e-flex e-con e-child\" data-id=\"3eb23f8\" data-element_type=\"container\">\n\t\t\t\t<div class=\"elementor-element elementor-element-6419895 elementor-icon-list--layout-traditional elementor-list-item-link-full_width elementor-widget elementor-widget-icon-list\" data-id=\"6419895\" data-element_type=\"widget\" data-widget_type=\"icon-list.default\">\n\t\t\t\t<div class=\"elementor-widget-container\">\n\t\t\t\t\t\t\t<ul class=\"elementor-icon-list-items\">\n\t\t\t\t\t\t\t<li class=\"elementor-icon-list-item\">\n\t\t\t\t\t\t\t\t\t\t\t<span class=\"elementor-icon-list-icon\">\n\t\t\t\t\t\t\t<svg xmlns=\"http:\/\/www.w3.org\/2000\/svg\" width=\"59\" height=\"32\" viewBox=\"0 0 59 32\"><path d=\"M39.629 2.228c0.214-1.286 1.327-2.228 2.63-2.228h13.26c1.648 0 2.901 1.48 2.63 3.105l-4.444 26.667c-0.214 1.286-1.327 2.228-2.63 2.228h-13.26c-1.648 0-2.901-1.48-2.63-3.105l4.444-26.667z\"><\/path><path opacity=\"0.6\" d=\"M18.295 2.228c0.214-1.286 1.327-2.228 2.63-2.228h7.926c1.648 0 2.901 1.48 2.63 3.105l-4.444 26.667c-0.214 1.286-1.327 2.228-2.63 2.228h-7.926c-1.648 0-2.901-1.48-2.63-3.105l4.444-26.667z\"><\/path><path opacity=\"0.4\" d=\"M4.967 2.198c0.211-1.268 1.309-2.198 2.595-2.198 1.625 0 2.862 1.46 2.595 3.063l-4.457 26.739c-0.211 1.268-1.309 2.198-2.595 2.198-1.625 0-2.862-1.459-2.595-3.063l4.457-26.739z\"><\/path><\/svg>\t\t\t\t\t\t<\/span>\n\t\t\t\t\t\t\t\t\t\t<span class=\"elementor-icon-list-text\"><font face=\"Calibri, sans-serif\"><span style=\"font-size: 14.6667px; font-style: normal;\">\u0130leti\u015fim bilgileri<\/span><\/font><\/span>\n\t\t\t\t\t\t\t\t\t<\/li>\n\t\t\t\t\t\t<\/ul>\n\t\t\t\t\t\t<\/div>\n\t\t\t\t<\/div>\n\t\t\t\t<div class=\"elementor-element elementor-element-df5c450 elementor-widget__width-initial elementor-widget elementor-widget-text-editor\" data-id=\"df5c450\" data-element_type=\"widget\" data-widget_type=\"text-editor.default\">\n\t\t\t\t<div class=\"elementor-widget-container\">\n\t\t\t\t\t\t\t\t\t<div style=\"font-weight: 400; line-height: 1.5; text-align: center;\"><b>P\u0130KOSAN PART PRODUCTION<\/b><br \/><b>Adres:<\/b> Nosab 2.Etap N.201 Sk. No:Bila, Nil\u00fcfer &#8211; Bursa \u2013 T\u00dcRK\u0130YE<br \/><b>Tel:<\/b> (0224) 411 14 30 &#8211; 32 ve (0224) 411 00 61 \u2013 63<br \/><b>Fax:<\/b> (0224) 411 14 31<br \/><b>E-mail:<\/b> <a href=\"mailto:info@pikosan.com.tr\">info@pikosan.com.tr<\/a><\/div>\t\t\t\t\t\t\t\t<\/div>\n\t\t\t\t<\/div>\n\t\t\t\t<\/div>\n\t\t\t\t<\/div>\n\t\t\t\t\t<\/div>\n\t\t\t\t<\/div>\n\t\t\t\t<\/div>\n\t\t","protected":false},"excerpt":{"rendered":"<p>\u0130leti\u015fim bilgileri P\u0130KOSAN PART PRODUCTIONAdres: Nosab 2.Etap N.201 Sk. No:Bila, Nil\u00fcfer &#8211; Bursa \u2013 T\u00dcRK\u0130YETel: (0224) 411 14 30 &#8211; 32 ve (0224) 411 00 61 \u2013 63Fax: (0224) 411 14 31E-mail: info@pikosan.com.tr<\/p>\n","protected":false},"author":1,"featured_media":0,"parent":0,"menu_order":0,"comment_status":"closed","ping_status":"closed","template":"template-homepage.php","meta":{"footnotes":""},"class_list":["post-5267","page","type-page","status-publish","hentry"],"_links":{"self":[{"href":"https:\/\/pikosan.com.tr\/index.php\/wp-json\/wp\/v2\/pages\/5267"}],"collection":[{"href":"https:\/\/pikosan.com.tr\/index.php\/wp-json\/wp\/v2\/pages"}],"about":[{"href":"https:\/\/pikosan.com.tr\/index.php\/wp-json\/wp\/v2\/types\/page"}],"author":[{"embeddable":true,"href":"https:\/\/pikosan.com.tr\/index.php\/wp-json\/wp\/v2\/users\/1"}],"replies":[{"embeddable":true,"href":"https:\/\/pikosan.com.tr\/index.php\/wp-json\/wp\/v2\/comments?post=5267"}],"version-history":[{"count":7,"href":"https:\/\/pikosan.com.tr\/index.php\/wp-json\/wp\/v2\/pages\/5267\/revisions"}],"predecessor-version":[{"id":5310,"href":"https:\/\/pikosan.com.tr\/index.php\/wp-json\/wp\/v2\/pages\/5267\/revisions\/5310"}],"wp:attachment":[{"href":"https:\/\/pikosan.com.tr\/index.php\/wp-json\/wp\/v2\/media?parent=5267"}],"curies":[{"name":"wp","href":"https:\/\/api.w.org\/{rel}","templated":true}]}}