{"id":5211,"date":"2025-03-06T15:22:08","date_gmt":"2025-03-06T15:22:08","guid":{"rendered":"https:\/\/pikosan.com.tr\/?page_id=5211"},"modified":"2025-03-11T12:12:25","modified_gmt":"2025-03-11T12:12:25","slug":"sta-kalip-kalite","status":"publish","type":"page","link":"https:\/\/pikosan.com.tr\/index.php\/sta-kalip-kalite\/","title":{"rendered":"STA Kal\u0131p Kalite"},"content":{"rendered":"\t\t<div data-elementor-type=\"wp-page\" data-elementor-id=\"5211\" class=\"elementor elementor-5211\" data-elementor-post-type=\"page\">\n\t\t\t\t<div class=\"elementor-element elementor-element-ebfaa96 e-flex e-con-boxed e-con e-parent\" data-id=\"ebfaa96\" data-element_type=\"container\">\n\t\t\t\t\t<div class=\"e-con-inner\">\n\t\t<div class=\"elementor-element elementor-element-d067dfd e-con-full e-flex e-con e-child\" data-id=\"d067dfd\" data-element_type=\"container\">\n\t\t\t\t<div class=\"elementor-element elementor-element-84096b0 elementor-icon-list--layout-traditional elementor-list-item-link-full_width elementor-widget elementor-widget-icon-list\" data-id=\"84096b0\" data-element_type=\"widget\" data-widget_type=\"icon-list.default\">\n\t\t\t\t<div class=\"elementor-widget-container\">\n\t\t\t\t\t\t\t<ul class=\"elementor-icon-list-items\">\n\t\t\t\t\t\t\t<li class=\"elementor-icon-list-item\">\n\t\t\t\t\t\t\t\t\t\t\t<span class=\"elementor-icon-list-icon\">\n\t\t\t\t\t\t\t<svg xmlns=\"http:\/\/www.w3.org\/2000\/svg\" width=\"59\" height=\"32\" viewBox=\"0 0 59 32\"><path d=\"M39.629 2.228c0.214-1.286 1.327-2.228 2.63-2.228h13.26c1.648 0 2.901 1.48 2.63 3.105l-4.444 26.667c-0.214 1.286-1.327 2.228-2.63 2.228h-13.26c-1.648 0-2.901-1.48-2.63-3.105l4.444-26.667z\"><\/path><path opacity=\"0.6\" d=\"M18.295 2.228c0.214-1.286 1.327-2.228 2.63-2.228h7.926c1.648 0 2.901 1.48 2.63 3.105l-4.444 26.667c-0.214 1.286-1.327 2.228-2.63 2.228h-7.926c-1.648 0-2.901-1.48-2.63-3.105l4.444-26.667z\"><\/path><path opacity=\"0.4\" d=\"M4.967 2.198c0.211-1.268 1.309-2.198 2.595-2.198 1.625 0 2.862 1.46 2.595 3.063l-4.457 26.739c-0.211 1.268-1.309 2.198-2.595 2.198-1.625 0-2.862-1.459-2.595-3.063l4.457-26.739z\"><\/path><\/svg>\t\t\t\t\t\t<\/span>\n\t\t\t\t\t\t\t\t\t\t<span class=\"elementor-icon-list-text\"><span style=\"font-weight:normal;\" id=\"docs-internal-guid-9eb68c70-7fff-33c2-3c43-e52e4b2ac306\"><span style=\"font-size: 11pt; font-family: Calibri, sans-serif; background-color: transparent; font-weight: 700; font-style: normal; font-variant-numeric: normal; font-variant-east-asian: normal; font-variant-alternates: normal; font-variant-position: normal; font-variant-emoji: normal; vertical-align: baseline;\">Kalite Politikam\u0131z<\/span><\/span><\/span>\n\t\t\t\t\t\t\t\t\t<\/li>\n\t\t\t\t\t\t<\/ul>\n\t\t\t\t\t\t<\/div>\n\t\t\t\t<\/div>\n\t\t\t\t<div class=\"elementor-element elementor-element-62fade6 elementor-widget elementor-widget-text-editor\" data-id=\"62fade6\" data-element_type=\"widget\" data-widget_type=\"text-editor.default\">\n\t\t\t\t<div class=\"elementor-widget-container\">\n\t\t\t\t\t\t\t\t\t<span style=\"font-weight: 400; line-height: 1.2em;\">\u00c7al\u0131\u015fanlar\u0131m\u0131z\u0131n kat\u0131l\u0131m\u0131 ile kalite y\u00f6netim sistemi \u015fartlar\u0131na uymak ve sistemin etkinli\u011fini s\u00fcrekli iyile\u015ftirmek. M\u00fc\u015fterilerimize ihtiya\u00e7 ve beklentilerini kar\u015f\u0131layacak minimum maliyette \u00fcr\u00fcnler sunarak, tam zaman\u0131nda ve istenilen miktarlarda sevkiyatlar yaparak y\u00fcksek rekabet g\u00fcc\u00fc yaratmak. Mevcut personeli e\u011fiterek verimi art\u0131rmak ve kalite bilincini t\u00fcm \u00e7al\u0131\u015fanlar\u0131m\u0131za yaymak. Her s\u00fcre\u00e7te s\u00fcrekli iyile\u015ftirmeye a\u00e7\u0131k, m\u00fc\u015fteri ve s\u00fcre\u00e7 odakl\u0131, \u00e7evreye dost bir \u00fcretim ger\u00e7ekle\u015ftirmek.<\/span>\t\t\t\t\t\t\t\t<\/div>\n\t\t\t\t<\/div>\n\t\t<div class=\"elementor-element elementor-element-801db4c e-con-full e-flex e-con e-child\" data-id=\"801db4c\" data-element_type=\"container\">\n\t\t\t\t<\/div>\n\t\t\t\t<div class=\"elementor-element elementor-element-0e10a3d elementor-icon-list--layout-traditional elementor-list-item-link-full_width elementor-widget elementor-widget-icon-list\" data-id=\"0e10a3d\" data-element_type=\"widget\" data-widget_type=\"icon-list.default\">\n\t\t\t\t<div class=\"elementor-widget-container\">\n\t\t\t\t\t\t\t<ul class=\"elementor-icon-list-items\">\n\t\t\t\t\t\t\t<li class=\"elementor-icon-list-item\">\n\t\t\t\t\t\t\t\t\t\t\t<span class=\"elementor-icon-list-icon\">\n\t\t\t\t\t\t\t<svg xmlns=\"http:\/\/www.w3.org\/2000\/svg\" width=\"59\" height=\"32\" viewBox=\"0 0 59 32\"><path d=\"M39.629 2.228c0.214-1.286 1.327-2.228 2.63-2.228h13.26c1.648 0 2.901 1.48 2.63 3.105l-4.444 26.667c-0.214 1.286-1.327 2.228-2.63 2.228h-13.26c-1.648 0-2.901-1.48-2.63-3.105l4.444-26.667z\"><\/path><path opacity=\"0.6\" d=\"M18.295 2.228c0.214-1.286 1.327-2.228 2.63-2.228h7.926c1.648 0 2.901 1.48 2.63 3.105l-4.444 26.667c-0.214 1.286-1.327 2.228-2.63 2.228h-7.926c-1.648 0-2.901-1.48-2.63-3.105l4.444-26.667z\"><\/path><path opacity=\"0.4\" d=\"M4.967 2.198c0.211-1.268 1.309-2.198 2.595-2.198 1.625 0 2.862 1.46 2.595 3.063l-4.457 26.739c-0.211 1.268-1.309 2.198-2.595 2.198-1.625 0-2.862-1.459-2.595-3.063l4.457-26.739z\"><\/path><\/svg>\t\t\t\t\t\t<\/span>\n\t\t\t\t\t\t\t\t\t\t<span class=\"elementor-icon-list-text\"><span style=\"font-weight:normal;\" id=\"docs-internal-guid-8483a93b-7fff-eaa2-5d31-206bcef975dd\"><span style=\"font-size: 11pt; font-family: Calibri, sans-serif; background-color: transparent; font-weight: 700; font-style: normal; font-variant-numeric: normal; font-variant-east-asian: normal; font-variant-alternates: normal; font-variant-position: normal; font-variant-emoji: normal; vertical-align: baseline;\">\u0130\u015f Sa\u011fl\u0131\u011f\u0131 ve G\u00fcvenli\u011fi Politikam\u0131z<\/span><\/span><\/span>\n\t\t\t\t\t\t\t\t\t<\/li>\n\t\t\t\t\t\t<\/ul>\n\t\t\t\t\t\t<\/div>\n\t\t\t\t<\/div>\n\t\t\t\t<div class=\"elementor-element elementor-element-e9a80ac elementor-widget elementor-widget-text-editor\" data-id=\"e9a80ac\" data-element_type=\"widget\" data-widget_type=\"text-editor.default\">\n\t\t\t\t<div class=\"elementor-widget-container\">\n\t\t\t\t\t\t\t\t\t<span style=\"font-weight: 400; line-height: 1.2em;\">\u00d6nceden tedbir alarak \u0130SG risklerinin ortadan kald\u0131r\u0131lmas\u0131n\u0131 ya da en d\u00fc\u015f\u00fck seviyeye indirilmesini sa\u011flamak. T\u00fcm \u00e7al\u0131\u015fanlara bireysel \u0130SG sorumluluklar\u0131n\u0131n fark\u0131nda olmalar\u0131n\u0131 sa\u011flamak amac\u0131yla e\u011fitimler vermek. T\u00fcm sistem ve uygulamalar\u0131m\u0131z\u0131n; y\u00fcr\u00fcrl\u00fckteki yasalar, y\u00f6netmelikler ile uyumlu olmas\u0131n\u0131 sa\u011flamak ve s\u00fcrekli geli\u015ftirmek. \u0130SG uygulamalar\u0131n\u0131n iyile\u015ftirilmesi \u00e7al\u0131\u015fmalar\u0131na organizasyonun her kademesinin ve payda\u015flar\u0131m\u0131z\u0131n kat\u0131l\u0131m\u0131n\u0131 sa\u011flayarak, \u0130SG k\u00fclt\u00fcr\u00fcn\u00fc ve ya\u015fam tarz\u0131 haline getirmeyi benimsetmek.<\/span>\t\t\t\t\t\t\t\t<\/div>\n\t\t\t\t<\/div>\n\t\t\t\t<\/div>\n\t\t\t\t\t<\/div>\n\t\t\t\t<\/div>\n\t\t<div class=\"elementor-element elementor-element-4c8e145 e-grid e-con-boxed e-con e-parent\" data-id=\"4c8e145\" data-element_type=\"container\">\n\t\t\t\t\t<div class=\"e-con-inner\">\n\t\t\t\t<div class=\"elementor-element elementor-element-747feeb elementor-widget elementor-widget-image\" data-id=\"747feeb\" data-element_type=\"widget\" data-widget_type=\"image.default\">\n\t\t\t\t<div class=\"elementor-widget-container\">\n\t\t\t\t\t\t\t\t\t\t\t\t\t\t\t<img decoding=\"async\" src=\"http:\/\/pikosan.dablmedia.com\/wp-content\/uploads\/2025\/03\/DSCG9241-scaled.jpg\" title=\"\" alt=\"\" loading=\"lazy\" \/>\t\t\t\t\t\t\t\t\t\t\t\t\t\t\t<\/div>\n\t\t\t\t<\/div>\n\t\t\t\t<div class=\"elementor-element elementor-element-65d11d6 elementor-widget elementor-widget-image\" data-id=\"65d11d6\" data-element_type=\"widget\" data-widget_type=\"image.default\">\n\t\t\t\t<div class=\"elementor-widget-container\">\n\t\t\t\t\t\t\t\t\t\t\t\t\t\t\t<img decoding=\"async\" src=\"http:\/\/pikosan.dablmedia.com\/wp-content\/uploads\/2025\/03\/DSCG9083-scaled.jpg\" title=\"\" alt=\"\" loading=\"lazy\" \/>\t\t\t\t\t\t\t\t\t\t\t\t\t\t\t<\/div>\n\t\t\t\t<\/div>\n\t\t\t\t\t<\/div>\n\t\t\t\t<\/div>\n\t\t\t\t<\/div>\n\t\t","protected":false},"excerpt":{"rendered":"<p>Kalite Politikam\u0131z \u00c7al\u0131\u015fanlar\u0131m\u0131z\u0131n kat\u0131l\u0131m\u0131 ile kalite y\u00f6netim sistemi \u015fartlar\u0131na uymak ve sistemin etkinli\u011fini s\u00fcrekli iyile\u015ftirmek. M\u00fc\u015fterilerimize ihtiya\u00e7 ve beklentilerini kar\u015f\u0131layacak minimum maliyette \u00fcr\u00fcnler sunarak, tam zaman\u0131nda ve istenilen miktarlarda sevkiyatlar yaparak y\u00fcksek rekabet g\u00fcc\u00fc yaratmak. Mevcut personeli e\u011fiterek verimi art\u0131rmak ve kalite bilincini t\u00fcm \u00e7al\u0131\u015fanlar\u0131m\u0131za yaymak. Her s\u00fcre\u00e7te s\u00fcrekli iyile\u015ftirmeye a\u00e7\u0131k, m\u00fc\u015fteri ve s\u00fcre\u00e7 odakl\u0131, [&hellip;]<\/p>\n","protected":false},"author":1,"featured_media":0,"parent":0,"menu_order":0,"comment_status":"closed","ping_status":"closed","template":"template-homepage.php","meta":{"footnotes":""},"class_list":["post-5211","page","type-page","status-publish","hentry"],"_links":{"self":[{"href":"https:\/\/pikosan.com.tr\/index.php\/wp-json\/wp\/v2\/pages\/5211"}],"collection":[{"href":"https:\/\/pikosan.com.tr\/index.php\/wp-json\/wp\/v2\/pages"}],"about":[{"href":"https:\/\/pikosan.com.tr\/index.php\/wp-json\/wp\/v2\/types\/page"}],"author":[{"embeddable":true,"href":"https:\/\/pikosan.com.tr\/index.php\/wp-json\/wp\/v2\/users\/1"}],"replies":[{"embeddable":true,"href":"https:\/\/pikosan.com.tr\/index.php\/wp-json\/wp\/v2\/comments?post=5211"}],"version-history":[{"count":10,"href":"https:\/\/pikosan.com.tr\/index.php\/wp-json\/wp\/v2\/pages\/5211\/revisions"}],"predecessor-version":[{"id":5342,"href":"https:\/\/pikosan.com.tr\/index.php\/wp-json\/wp\/v2\/pages\/5211\/revisions\/5342"}],"wp:attachment":[{"href":"https:\/\/pikosan.com.tr\/index.php\/wp-json\/wp\/v2\/media?parent=5211"}],"curies":[{"name":"wp","href":"https:\/\/api.w.org\/{rel}","templated":true}]}}