{"id":5199,"date":"2025-03-06T15:16:40","date_gmt":"2025-03-06T15:16:40","guid":{"rendered":"https:\/\/pikosan.com.tr\/?page_id=5199"},"modified":"2025-07-22T12:23:13","modified_gmt":"2025-07-22T12:23:13","slug":"pikosan-metal-form-kalite","status":"publish","type":"page","link":"https:\/\/pikosan.com.tr\/index.php\/pikosan-metal-form-kalite\/","title":{"rendered":"Pikosan Metal Form Kalite"},"content":{"rendered":"\t\t<div data-elementor-type=\"wp-page\" data-elementor-id=\"5199\" class=\"elementor elementor-5199\" data-elementor-post-type=\"page\">\n\t\t\t\t<div class=\"elementor-element elementor-element-7952fdc e-grid e-con-boxed e-con e-parent\" data-id=\"7952fdc\" data-element_type=\"container\">\n\t\t\t\t\t<div class=\"e-con-inner\">\n\t\t<div class=\"elementor-element elementor-element-d33f774 e-con-full e-flex e-con e-child\" data-id=\"d33f774\" data-element_type=\"container\">\n\t\t<div class=\"elementor-element elementor-element-9c18688 e-con-full e-flex e-con e-child\" data-id=\"9c18688\" data-element_type=\"container\">\n\t\t\t\t<div class=\"elementor-element elementor-element-5d07c38 elementor-icon-list--layout-traditional elementor-list-item-link-full_width elementor-widget elementor-widget-icon-list\" data-id=\"5d07c38\" data-element_type=\"widget\" data-widget_type=\"icon-list.default\">\n\t\t\t\t<div class=\"elementor-widget-container\">\n\t\t\t\t\t\t\t<ul class=\"elementor-icon-list-items\">\n\t\t\t\t\t\t\t<li class=\"elementor-icon-list-item\">\n\t\t\t\t\t\t\t\t\t\t\t<span class=\"elementor-icon-list-icon\">\n\t\t\t\t\t\t\t<svg xmlns=\"http:\/\/www.w3.org\/2000\/svg\" width=\"59\" height=\"32\" viewBox=\"0 0 59 32\"><path d=\"M39.629 2.228c0.214-1.286 1.327-2.228 2.63-2.228h13.26c1.648 0 2.901 1.48 2.63 3.105l-4.444 26.667c-0.214 1.286-1.327 2.228-2.63 2.228h-13.26c-1.648 0-2.901-1.48-2.63-3.105l4.444-26.667z\"><\/path><path opacity=\"0.6\" d=\"M18.295 2.228c0.214-1.286 1.327-2.228 2.63-2.228h7.926c1.648 0 2.901 1.48 2.63 3.105l-4.444 26.667c-0.214 1.286-1.327 2.228-2.63 2.228h-7.926c-1.648 0-2.901-1.48-2.63-3.105l4.444-26.667z\"><\/path><path opacity=\"0.4\" d=\"M4.967 2.198c0.211-1.268 1.309-2.198 2.595-2.198 1.625 0 2.862 1.46 2.595 3.063l-4.457 26.739c-0.211 1.268-1.309 2.198-2.595 2.198-1.625 0-2.862-1.459-2.595-3.063l4.457-26.739z\"><\/path><\/svg>\t\t\t\t\t\t<\/span>\n\t\t\t\t\t\t\t\t\t\t<span class=\"elementor-icon-list-text\">KAL\u0130TE POL\u0130T\u0130KAMIZ<\/span>\n\t\t\t\t\t\t\t\t\t<\/li>\n\t\t\t\t\t\t<\/ul>\n\t\t\t\t\t\t<\/div>\n\t\t\t\t<\/div>\n\t\t\t\t<div class=\"elementor-element elementor-element-e6d074c elementor-widget elementor-widget-text-editor\" data-id=\"e6d074c\" data-element_type=\"widget\" data-widget_type=\"text-editor.default\">\n\t\t\t\t<div class=\"elementor-widget-container\">\n\t\t\t\t\t\t\t\t\t<p>De\u011fi\u015fen ve geli\u015fen ko\u015fullara ayak uydurabilmek i\u00e7in;\u00a0 <em>Risk temelli d\u00fc\u015f\u00fcnce ve \u00e7al\u0131\u015fan kat\u0131l\u0131m\u0131 ile, i\u015f veriminin y\u00fckseltilmesine oda<b>k<\/b>lanmak\u00a0<\/em><\/p><p>Mesleki yeterlilik, Edinilmi\u015f ders ve tecr\u00fcbe odakl\u0131 olarak;\u00a0\u00a0<i>Y\u00f6netim modelinin performansa dayal\u0131 s\u00fcrd\u00fcr\u00fclebilirli\u011fini etkili, ve kal\u0131c\u0131 k\u0131lmak\u00a0<\/i><\/p><p>Tedarik zinciri i\u00e7indeki etkinli\u011fimizi, etkili k\u0131larak;\u00a0\u00a0<i>T\u00fcm operasyon, alt y\u00fcklenici ad\u0131mlar\u0131 ve teslimatta \u00fcr\u00fcn g\u00fcvenli\u011fini garanti etmek\u00a0<\/i><\/p><p>S\u00fcre\u00e7lerin etkin ve etkili y\u00f6netimi i\u00e7in;\u00a0<i>\u00a0Alt yap\u0131, ortam, bili\u015fim ve bilgiye dayal\u0131 beceriyi s\u00fcrekli k\u0131lmak\u00a0\u00a0<\/i><\/p><p>\u00c7al\u0131\u015fma \u015fartlar\u0131 ve ortam ko\u015fullar\u0131na dayal\u0131 riskleri ortadan kald\u0131rarak, azaltarak ;\u00a0 <i>\u0130\u015f Sa\u011fl\u0131\u011f\u0131 ve g\u00fcvenli\u011fi uygulamalar\u0131 ile sa\u011fl\u0131\u011f\u0131n korunmas\u0131,\u00a0\u00c7evre duyarl\u0131l\u0131\u011f\u0131, Ki\u015fisel verilerin korunmas\u0131 uygulamalar\u0131n\u0131 yayg\u0131nla\u015ft\u0131rmak\u00a0<\/i><\/p><p>Yenilenebilir enerji ile enerji kullan\u0131m\u0131n\u0131 azaltarak ;\u00a0<i>Yerli kaynaklar\u0131n kullan\u0131lmas\u0131n\u0131 sa\u011flamak,\u00a0Hava , su gibi kaynaklar\u0131n temizli\u011fini sa\u011flamak<\/i><\/p><p>S\u00fcrekli iyile\u015ftirme bilincini t\u00fcm s\u00fcre\u00e7lerde uygulayarak ;\u00a0<i>Firma i\u00e7erisindeki t\u00fcm proseslerde ve payda\u015flar\u0131m\u0131zda s\u00fcrekli iyile\u015ftirme mant\u0131\u011f\u0131n\u0131 benimsetmek<\/i><\/p><p>\u00a0<\/p>\t\t\t\t\t\t\t\t<\/div>\n\t\t\t\t<\/div>\n\t\t\t\t<div class=\"elementor-element elementor-element-0042279 elementor-icon-list--layout-traditional elementor-list-item-link-full_width elementor-widget elementor-widget-icon-list\" data-id=\"0042279\" data-element_type=\"widget\" data-widget_type=\"icon-list.default\">\n\t\t\t\t<div class=\"elementor-widget-container\">\n\t\t\t\t\t\t\t<ul class=\"elementor-icon-list-items\">\n\t\t\t\t\t\t\t<li class=\"elementor-icon-list-item\">\n\t\t\t\t\t\t\t\t\t\t\t<span class=\"elementor-icon-list-icon\">\n\t\t\t\t\t\t\t<svg xmlns=\"http:\/\/www.w3.org\/2000\/svg\" width=\"59\" height=\"32\" viewBox=\"0 0 59 32\"><path d=\"M39.629 2.228c0.214-1.286 1.327-2.228 2.63-2.228h13.26c1.648 0 2.901 1.48 2.63 3.105l-4.444 26.667c-0.214 1.286-1.327 2.228-2.63 2.228h-13.26c-1.648 0-2.901-1.48-2.63-3.105l4.444-26.667z\"><\/path><path opacity=\"0.6\" d=\"M18.295 2.228c0.214-1.286 1.327-2.228 2.63-2.228h7.926c1.648 0 2.901 1.48 2.63 3.105l-4.444 26.667c-0.214 1.286-1.327 2.228-2.63 2.228h-7.926c-1.648 0-2.901-1.48-2.63-3.105l4.444-26.667z\"><\/path><path opacity=\"0.4\" d=\"M4.967 2.198c0.211-1.268 1.309-2.198 2.595-2.198 1.625 0 2.862 1.46 2.595 3.063l-4.457 26.739c-0.211 1.268-1.309 2.198-2.595 2.198-1.625 0-2.862-1.459-2.595-3.063l4.457-26.739z\"><\/path><\/svg>\t\t\t\t\t\t<\/span>\n\t\t\t\t\t\t\t\t\t\t<span class=\"elementor-icon-list-text\">\u0130\u015e SA\u011eLI\u011eI VE G\u00dcVENL\u0130\u011e\u0130 POL\u0130T\u0130KAMIZ<\/span>\n\t\t\t\t\t\t\t\t\t<\/li>\n\t\t\t\t\t\t<\/ul>\n\t\t\t\t\t\t<\/div>\n\t\t\t\t<\/div>\n\t\t\t\t<div class=\"elementor-element elementor-element-8ee5746 elementor-widget elementor-widget-text-editor\" data-id=\"8ee5746\" data-element_type=\"widget\" data-widget_type=\"text-editor.default\">\n\t\t\t\t<div class=\"elementor-widget-container\">\n\t\t\t\t\t\t\t\t\t<p><span style=\"font-weight: 400; line-height: 1.2em;\">T\u00fcm \u00e7al\u0131\u015fanlar\u0131na g\u00fcvenli ve sa\u011fl\u0131kl\u0131 bir i\u015f ortam\u0131 yaratmak ve bunu korumak konusundaki\u00a0sorumlulu\u011funun fark\u0131ndad\u0131r.<\/span><\/p><p>Mevcut \u0130\u015f Sa\u011fl\u0131\u011f\u0131 ve G\u00fcvenli\u011fi \u015fartlar\u0131n\u0131n i\u015f alanlar\u0131m\u0131zdaki \u00e7al\u0131\u015fma ko\u015fullar\u0131n\u0131n s\u00fcrekli olarak iyile\u015ftirilmesi i\u00e7in gerekli ara\u015ft\u0131rmalar\u0131 yapmak.<\/p><p>\u0130\u015f Sa\u011fl\u0131\u011f\u0131 ve G\u00fcvenli\u011fi sistemimizin geli\u015ftirilmesiyle ilgili faaliyetlerimiz s\u0131ras\u0131nda olu\u015fabilecek, \u00e7al\u0131\u015fanlar\u0131m\u0131z\u0131 , i\u015f ekipmanlar\u0131n\u0131, \u00e7evreyi etkileyebilecek kay\u0131plar\u0131 engellemek.<\/p><p>\u0130\u015f G\u00fcvenli\u011fini etkileyecek tehlike ve risklerin kontrol alt\u0131nda tutularak i\u015f kazalar\u0131n\u0131n \u2018 0 \u2019a indirilmesi i\u00e7in t\u00fcm \u00e7al\u0131\u015fanlar birlikte ortak ak\u0131l ile hareket etmek.<\/p><p>\u00a0<\/p>\t\t\t\t\t\t\t\t<\/div>\n\t\t\t\t<\/div>\n\t\t\t\t<\/div>\n\t\t\t\t<\/div>\n\t\t\t\t\t<\/div>\n\t\t\t\t<\/div>\n\t\t<div class=\"elementor-element elementor-element-670d907 e-grid e-con-boxed e-con e-parent\" data-id=\"670d907\" data-element_type=\"container\">\n\t\t\t\t\t<div class=\"e-con-inner\">\n\t\t\t\t<div class=\"elementor-element elementor-element-b6704d4 elementor-widget elementor-widget-image\" data-id=\"b6704d4\" data-element_type=\"widget\" data-widget_type=\"image.default\">\n\t\t\t\t<div class=\"elementor-widget-container\">\n\t\t\t\t\t\t\t\t\t\t\t\t\t\t\t<img fetchpriority=\"high\" decoding=\"async\" width=\"858\" height=\"1024\" src=\"https:\/\/pikosan.com.tr\/wp-content\/uploads\/2025\/06\/Faro-Arm-Kalite-858x1024.jpg\" class=\"attachment-large size-large wp-image-5807\" alt=\"\" srcset=\"https:\/\/pikosan.com.tr\/wp-content\/uploads\/2025\/06\/Faro-Arm-Kalite-858x1024.jpg 858w, https:\/\/pikosan.com.tr\/wp-content\/uploads\/2025\/06\/Faro-Arm-Kalite-251x300.jpg 251w, https:\/\/pikosan.com.tr\/wp-content\/uploads\/2025\/06\/Faro-Arm-Kalite-768x917.jpg 768w, https:\/\/pikosan.com.tr\/wp-content\/uploads\/2025\/06\/Faro-Arm-Kalite-1286x1536.jpg 1286w, https:\/\/pikosan.com.tr\/wp-content\/uploads\/2025\/06\/Faro-Arm-Kalite-450x537.jpg 450w, https:\/\/pikosan.com.tr\/wp-content\/uploads\/2025\/06\/Faro-Arm-Kalite-800x955.jpg 800w, https:\/\/pikosan.com.tr\/wp-content\/uploads\/2025\/06\/Faro-Arm-Kalite.jpg 1500w\" sizes=\"(max-width: 858px) 100vw, 858px\" \/>\t\t\t\t\t\t\t\t\t\t\t\t\t\t\t<\/div>\n\t\t\t\t<\/div>\n\t\t\t\t<div class=\"elementor-element elementor-element-a900c95 elementor-widget elementor-widget-image\" data-id=\"a900c95\" data-element_type=\"widget\" data-widget_type=\"image.default\">\n\t\t\t\t<div class=\"elementor-widget-container\">\n\t\t\t\t\t\t\t\t\t\t\t\t\t\t\t<img decoding=\"async\" width=\"900\" height=\"506\" src=\"https:\/\/pikosan.com.tr\/wp-content\/uploads\/2025\/06\/DSCG9083-1-1024x576.jpg\" class=\"attachment-large size-large wp-image-5682\" alt=\"\" srcset=\"https:\/\/pikosan.com.tr\/wp-content\/uploads\/2025\/06\/DSCG9083-1-1024x576.jpg 1024w, https:\/\/pikosan.com.tr\/wp-content\/uploads\/2025\/06\/DSCG9083-1-300x169.jpg 300w, https:\/\/pikosan.com.tr\/wp-content\/uploads\/2025\/06\/DSCG9083-1-768x432.jpg 768w, https:\/\/pikosan.com.tr\/wp-content\/uploads\/2025\/06\/DSCG9083-1-1536x864.jpg 1536w, https:\/\/pikosan.com.tr\/wp-content\/uploads\/2025\/06\/DSCG9083-1-2048x1153.jpg 2048w, https:\/\/pikosan.com.tr\/wp-content\/uploads\/2025\/06\/DSCG9083-1-450x253.jpg 450w, https:\/\/pikosan.com.tr\/wp-content\/uploads\/2025\/06\/DSCG9083-1-800x450.jpg 800w\" sizes=\"(max-width: 900px) 100vw, 900px\" \/>\t\t\t\t\t\t\t\t\t\t\t\t\t\t\t<\/div>\n\t\t\t\t<\/div>\n\t\t\t\t<div class=\"elementor-element elementor-element-a3b7b37 elementor-widget elementor-widget-image\" data-id=\"a3b7b37\" data-element_type=\"widget\" data-widget_type=\"image.default\">\n\t\t\t\t<div class=\"elementor-widget-container\">\n\t\t\t\t\t\t\t\t\t\t\t\t\t\t\t<img decoding=\"async\" width=\"900\" height=\"506\" src=\"https:\/\/pikosan.com.tr\/wp-content\/uploads\/2025\/06\/DSCG9082-1024x576.jpg\" class=\"attachment-large size-large wp-image-5683\" alt=\"\" srcset=\"https:\/\/pikosan.com.tr\/wp-content\/uploads\/2025\/06\/DSCG9082-1024x576.jpg 1024w, https:\/\/pikosan.com.tr\/wp-content\/uploads\/2025\/06\/DSCG9082-300x169.jpg 300w, https:\/\/pikosan.com.tr\/wp-content\/uploads\/2025\/06\/DSCG9082-768x432.jpg 768w, https:\/\/pikosan.com.tr\/wp-content\/uploads\/2025\/06\/DSCG9082-1536x864.jpg 1536w, https:\/\/pikosan.com.tr\/wp-content\/uploads\/2025\/06\/DSCG9082-2048x1153.jpg 2048w, https:\/\/pikosan.com.tr\/wp-content\/uploads\/2025\/06\/DSCG9082-450x253.jpg 450w, https:\/\/pikosan.com.tr\/wp-content\/uploads\/2025\/06\/DSCG9082-800x450.jpg 800w\" sizes=\"(max-width: 900px) 100vw, 900px\" \/>\t\t\t\t\t\t\t\t\t\t\t\t\t\t\t<\/div>\n\t\t\t\t<\/div>\n\t\t\t\t\t<\/div>\n\t\t\t\t<\/div>\n\t\t\t\t<\/div>\n\t\t","protected":false},"excerpt":{"rendered":"<p>KAL\u0130TE POL\u0130T\u0130KAMIZ De\u011fi\u015fen ve geli\u015fen ko\u015fullara ayak uydurabilmek i\u00e7in;\u00a0 Risk temelli d\u00fc\u015f\u00fcnce ve \u00e7al\u0131\u015fan kat\u0131l\u0131m\u0131 ile, i\u015f veriminin y\u00fckseltilmesine odaklanmak\u00a0 Mesleki yeterlilik, Edinilmi\u015f ders ve tecr\u00fcbe odakl\u0131 olarak;\u00a0\u00a0Y\u00f6netim modelinin performansa dayal\u0131 s\u00fcrd\u00fcr\u00fclebilirli\u011fini etkili, ve kal\u0131c\u0131 k\u0131lmak\u00a0 Tedarik zinciri i\u00e7indeki etkinli\u011fimizi, etkili k\u0131larak;\u00a0\u00a0T\u00fcm operasyon, alt y\u00fcklenici ad\u0131mlar\u0131 ve teslimatta \u00fcr\u00fcn g\u00fcvenli\u011fini garanti etmek\u00a0 S\u00fcre\u00e7lerin etkin ve [&hellip;]<\/p>\n","protected":false},"author":1,"featured_media":0,"parent":0,"menu_order":0,"comment_status":"closed","ping_status":"closed","template":"template-homepage.php","meta":{"footnotes":""},"class_list":["post-5199","page","type-page","status-publish","hentry"],"_links":{"self":[{"href":"https:\/\/pikosan.com.tr\/index.php\/wp-json\/wp\/v2\/pages\/5199"}],"collection":[{"href":"https:\/\/pikosan.com.tr\/index.php\/wp-json\/wp\/v2\/pages"}],"about":[{"href":"https:\/\/pikosan.com.tr\/index.php\/wp-json\/wp\/v2\/types\/page"}],"author":[{"embeddable":true,"href":"https:\/\/pikosan.com.tr\/index.php\/wp-json\/wp\/v2\/users\/1"}],"replies":[{"embeddable":true,"href":"https:\/\/pikosan.com.tr\/index.php\/wp-json\/wp\/v2\/comments?post=5199"}],"version-history":[{"count":27,"href":"https:\/\/pikosan.com.tr\/index.php\/wp-json\/wp\/v2\/pages\/5199\/revisions"}],"predecessor-version":[{"id":6085,"href":"https:\/\/pikosan.com.tr\/index.php\/wp-json\/wp\/v2\/pages\/5199\/revisions\/6085"}],"wp:attachment":[{"href":"https:\/\/pikosan.com.tr\/index.php\/wp-json\/wp\/v2\/media?parent=5199"}],"curies":[{"name":"wp","href":"https:\/\/api.w.org\/{rel}","templated":true}]}}