{"id":5150,"date":"2025-02-20T17:05:49","date_gmt":"2025-02-20T17:05:49","guid":{"rendered":"https:\/\/pikosan.com.tr\/?page_id=5150"},"modified":"2025-06-30T16:05:03","modified_gmt":"2025-06-30T16:05:03","slug":"pikosan-gorukle-makina-parkurumuz","status":"publish","type":"page","link":"https:\/\/pikosan.com.tr\/index.php\/pikosan-gorukle-makina-parkurumuz\/","title":{"rendered":"Pikosan G\u00f6r\u00fckle \u2013 MAK\u0130NA PARKURUMUZ"},"content":{"rendered":"\t\t<div data-elementor-type=\"wp-page\" data-elementor-id=\"5150\" class=\"elementor elementor-5150\" data-elementor-post-type=\"page\">\n\t\t\t\t<div class=\"elementor-element elementor-element-407d425 e-flex e-con-boxed e-con e-parent\" data-id=\"407d425\" data-element_type=\"container\">\n\t\t\t\t\t<div class=\"e-con-inner\">\n\t\t\t\t<div class=\"elementor-element elementor-element-4763b58 elementor-widget elementor-widget-image\" data-id=\"4763b58\" data-element_type=\"widget\" data-widget_type=\"image.default\">\n\t\t\t\t<div class=\"elementor-widget-container\">\n\t\t\t\t\t\t\t\t\t\t\t\t\t\t\t<img fetchpriority=\"high\" decoding=\"async\" width=\"2310\" height=\"1203\" src=\"https:\/\/pikosan.com.tr\/wp-content\/uploads\/2025\/06\/Gorukle-Makina-Parkuru-01-2.jpg\" class=\"attachment-full size-full wp-image-5822\" alt=\"\" srcset=\"https:\/\/pikosan.com.tr\/wp-content\/uploads\/2025\/06\/Gorukle-Makina-Parkuru-01-2.jpg 2310w, https:\/\/pikosan.com.tr\/wp-content\/uploads\/2025\/06\/Gorukle-Makina-Parkuru-01-2-300x156.jpg 300w, https:\/\/pikosan.com.tr\/wp-content\/uploads\/2025\/06\/Gorukle-Makina-Parkuru-01-2-1024x533.jpg 1024w, https:\/\/pikosan.com.tr\/wp-content\/uploads\/2025\/06\/Gorukle-Makina-Parkuru-01-2-768x400.jpg 768w, https:\/\/pikosan.com.tr\/wp-content\/uploads\/2025\/06\/Gorukle-Makina-Parkuru-01-2-1536x800.jpg 1536w, https:\/\/pikosan.com.tr\/wp-content\/uploads\/2025\/06\/Gorukle-Makina-Parkuru-01-2-2048x1067.jpg 2048w, https:\/\/pikosan.com.tr\/wp-content\/uploads\/2025\/06\/Gorukle-Makina-Parkuru-01-2-450x234.jpg 450w, https:\/\/pikosan.com.tr\/wp-content\/uploads\/2025\/06\/Gorukle-Makina-Parkuru-01-2-800x417.jpg 800w\" sizes=\"(max-width: 2310px) 100vw, 2310px\" \/>\t\t\t\t\t\t\t\t\t\t\t\t\t\t\t<\/div>\n\t\t\t\t<\/div>\n\t\t\t\t\t<\/div>\n\t\t\t\t<\/div>\n\t\t<div class=\"elementor-element elementor-element-ee6cdd1 e-flex e-con-boxed e-con e-parent\" data-id=\"ee6cdd1\" data-element_type=\"container\">\n\t\t\t\t\t<div class=\"e-con-inner\">\n\t\t<div class=\"elementor-element elementor-element-134d4ba e-con-full e-flex e-con e-child\" data-id=\"134d4ba\" data-element_type=\"container\">\n\t\t\t\t<div class=\"elementor-element elementor-element-dc2cb04 elementor-button-default elementor-align-center elementor-widget elementor-widget-button\" data-id=\"dc2cb04\" data-element_type=\"widget\" data-widget_type=\"button.default\">\n\t\t\t\t<div class=\"elementor-widget-container\">\n\t\t\t\t\t\t\t\t\t<div class=\"elementor-button-wrapper\">\n\t\t\t\t\t<a class=\"elementor-button elementor-button-link elementor-size-sm\" href=\"https:\/\/pikosan.com.tr\/wp-content\/uploads\/2025\/06\/PRES-PARKURU-TR.pdf\" target=\"_blank\">\n\t\t\t\t\t\t<span class=\"elementor-button-content-wrapper\">\n\t\t\t\t\t\t\t\t\t<span class=\"elementor-button-text\">MAK\u0130NA PARKURU PDF (T\u00dcRK\u00c7E)<\/span>\n\t\t\t\t\t<\/span>\n\t\t\t\t\t<\/a>\n\t\t\t\t<\/div>\n\t\t\t\t\t\t\t\t<\/div>\n\t\t\t\t<\/div>\n\t\t\t\t<\/div>\n\t\t<div class=\"elementor-element elementor-element-54123f3 e-con-full e-flex e-con e-child\" data-id=\"54123f3\" data-element_type=\"container\">\n\t\t\t\t<div class=\"elementor-element elementor-element-8ec5a80 elementor-button-default elementor-align-center elementor-widget elementor-widget-button\" data-id=\"8ec5a80\" data-element_type=\"widget\" data-widget_type=\"button.default\">\n\t\t\t\t<div class=\"elementor-widget-container\">\n\t\t\t\t\t\t\t\t\t<div class=\"elementor-button-wrapper\">\n\t\t\t\t\t<a class=\"elementor-button elementor-button-link elementor-size-sm\" href=\"https:\/\/pikosan.com.tr\/wp-content\/uploads\/2025\/06\/PRES-PARKURU-EN.pdf\" target=\"_blank\">\n\t\t\t\t\t\t<span class=\"elementor-button-content-wrapper\">\n\t\t\t\t\t\t\t\t\t<span class=\"elementor-button-text\">MAK\u0130NA PARKURU PDF (ENGLISH)<\/span>\n\t\t\t\t\t<\/span>\n\t\t\t\t\t<\/a>\n\t\t\t\t<\/div>\n\t\t\t\t\t\t\t\t<\/div>\n\t\t\t\t<\/div>\n\t\t\t\t<\/div>\n\t\t\t\t\t<\/div>\n\t\t\t\t<\/div>\n\t\t\t\t<\/div>\n\t\t","protected":false},"excerpt":{"rendered":"<p>MAK\u0130NA PARKURU PDF (T\u00dcRK\u00c7E) MAK\u0130NA PARKURU PDF (ENGLISH)<\/p>\n","protected":false},"author":1,"featured_media":0,"parent":0,"menu_order":0,"comment_status":"closed","ping_status":"closed","template":"","meta":{"footnotes":""},"class_list":["post-5150","page","type-page","status-publish","hentry"],"_links":{"self":[{"href":"https:\/\/pikosan.com.tr\/index.php\/wp-json\/wp\/v2\/pages\/5150"}],"collection":[{"href":"https:\/\/pikosan.com.tr\/index.php\/wp-json\/wp\/v2\/pages"}],"about":[{"href":"https:\/\/pikosan.com.tr\/index.php\/wp-json\/wp\/v2\/types\/page"}],"author":[{"embeddable":true,"href":"https:\/\/pikosan.com.tr\/index.php\/wp-json\/wp\/v2\/users\/1"}],"replies":[{"embeddable":true,"href":"https:\/\/pikosan.com.tr\/index.php\/wp-json\/wp\/v2\/comments?post=5150"}],"version-history":[{"count":24,"href":"https:\/\/pikosan.com.tr\/index.php\/wp-json\/wp\/v2\/pages\/5150\/revisions"}],"predecessor-version":[{"id":5886,"href":"https:\/\/pikosan.com.tr\/index.php\/wp-json\/wp\/v2\/pages\/5150\/revisions\/5886"}],"wp:attachment":[{"href":"https:\/\/pikosan.com.tr\/index.php\/wp-json\/wp\/v2\/media?parent=5150"}],"curies":[{"name":"wp","href":"https:\/\/api.w.org\/{rel}","templated":true}]}}