{"id":4663,"date":"2024-11-21T17:01:56","date_gmt":"2024-11-21T17:01:56","guid":{"rendered":"https:\/\/pikosan.com.tr\/?page_id=4663"},"modified":"2025-07-22T12:30:28","modified_gmt":"2025-07-22T12:30:28","slug":"vizyon-misyon","status":"publish","type":"page","link":"https:\/\/pikosan.com.tr\/index.php\/vizyon-misyon\/","title":{"rendered":"V\u0130ZYON &#038; M\u0130SYON"},"content":{"rendered":"\t\t<div data-elementor-type=\"wp-page\" data-elementor-id=\"4663\" class=\"elementor elementor-4663\" data-elementor-post-type=\"page\">\n\t\t\t\t<div class=\"elementor-element elementor-element-62aee43 e-flex e-con-boxed e-con e-parent\" data-id=\"62aee43\" data-element_type=\"container\">\n\t\t\t\t\t<div class=\"e-con-inner\">\n\t\t<div class=\"elementor-element elementor-element-489a5da e-con-full e-flex e-con e-child\" data-id=\"489a5da\" data-element_type=\"container\">\n\t\t\t\t<div class=\"elementor-element elementor-element-67bcba0 elementor-icon-list--layout-traditional elementor-list-item-link-full_width elementor-widget elementor-widget-icon-list\" data-id=\"67bcba0\" data-element_type=\"widget\" data-widget_type=\"icon-list.default\">\n\t\t\t\t<div class=\"elementor-widget-container\">\n\t\t\t\t\t\t\t<ul class=\"elementor-icon-list-items\">\n\t\t\t\t\t\t\t<li class=\"elementor-icon-list-item\">\n\t\t\t\t\t\t\t\t\t\t\t<span class=\"elementor-icon-list-icon\">\n\t\t\t\t\t\t\t<svg xmlns=\"http:\/\/www.w3.org\/2000\/svg\" width=\"59\" height=\"32\" viewBox=\"0 0 59 32\"><path d=\"M39.629 2.228c0.214-1.286 1.327-2.228 2.63-2.228h13.26c1.648 0 2.901 1.48 2.63 3.105l-4.444 26.667c-0.214 1.286-1.327 2.228-2.63 2.228h-13.26c-1.648 0-2.901-1.48-2.63-3.105l4.444-26.667z\"><\/path><path opacity=\"0.6\" d=\"M18.295 2.228c0.214-1.286 1.327-2.228 2.63-2.228h7.926c1.648 0 2.901 1.48 2.63 3.105l-4.444 26.667c-0.214 1.286-1.327 2.228-2.63 2.228h-7.926c-1.648 0-2.901-1.48-2.63-3.105l4.444-26.667z\"><\/path><path opacity=\"0.4\" d=\"M4.967 2.198c0.211-1.268 1.309-2.198 2.595-2.198 1.625 0 2.862 1.46 2.595 3.063l-4.457 26.739c-0.211 1.268-1.309 2.198-2.595 2.198-1.625 0-2.862-1.459-2.595-3.063l4.457-26.739z\"><\/path><\/svg>\t\t\t\t\t\t<\/span>\n\t\t\t\t\t\t\t\t\t\t<span class=\"elementor-icon-list-text\">M\u0130SYON<\/span>\n\t\t\t\t\t\t\t\t\t<\/li>\n\t\t\t\t\t\t<\/ul>\n\t\t\t\t\t\t<\/div>\n\t\t\t\t<\/div>\n\t\t\t\t<div class=\"elementor-element elementor-element-3a15ca1 elementor-widget__width-initial elementor-widget elementor-widget-text-editor\" data-id=\"3a15ca1\" data-element_type=\"widget\" data-widget_type=\"text-editor.default\">\n\t\t\t\t<div class=\"elementor-widget-container\">\n\t\t\t\t\t\t\t\t\t<ul><li><p>\u0130htiya\u00e7 duyulan son teknolojik geli\u015fimleri organizasyonumuza adapte ederek;\u00a0\u00dcr\u00fcn ve Proses konusundaki \u00f6\u011frenilmi\u015f ders ve ba\u015far\u0131lar\u0131m\u0131z\u0131, gelecek nesillere ta\u015f\u0131mak.<\/p><\/li><li>Tedarik zincirinin bir par\u00e7as\u0131 oldu\u011fumuz sekt\u00f6r\u00fcn, \u00f6nemli oyuncular\u0131 aras\u0131nda yer alarak, Topluma, T\u00fcm payda\u015flara, \u00c7evreye ve Ki\u015fisel veri g\u00fcvenli\u011finde odak organizasyon olmak.<\/li><\/ul>\t\t\t\t\t\t\t\t<\/div>\n\t\t\t\t<\/div>\n\t\t\t\t<\/div>\n\t\t\t\t\t<\/div>\n\t\t\t\t<\/div>\n\t\t<div class=\"elementor-element elementor-element-55b8d08 e-flex e-con-boxed e-con e-parent\" data-id=\"55b8d08\" data-element_type=\"container\">\n\t\t\t\t\t<div class=\"e-con-inner\">\n\t\t<div class=\"elementor-element elementor-element-04cd2e2 e-con-full e-flex e-con e-child\" data-id=\"04cd2e2\" data-element_type=\"container\">\n\t\t\t\t<div class=\"elementor-element elementor-element-2b8cdad elementor-icon-list--layout-traditional elementor-list-item-link-full_width elementor-widget elementor-widget-icon-list\" data-id=\"2b8cdad\" data-element_type=\"widget\" data-widget_type=\"icon-list.default\">\n\t\t\t\t<div class=\"elementor-widget-container\">\n\t\t\t\t\t\t\t<ul class=\"elementor-icon-list-items\">\n\t\t\t\t\t\t\t<li class=\"elementor-icon-list-item\">\n\t\t\t\t\t\t\t\t\t\t\t<span class=\"elementor-icon-list-icon\">\n\t\t\t\t\t\t\t<svg xmlns=\"http:\/\/www.w3.org\/2000\/svg\" width=\"59\" height=\"32\" viewBox=\"0 0 59 32\"><path d=\"M39.629 2.228c0.214-1.286 1.327-2.228 2.63-2.228h13.26c1.648 0 2.901 1.48 2.63 3.105l-4.444 26.667c-0.214 1.286-1.327 2.228-2.63 2.228h-13.26c-1.648 0-2.901-1.48-2.63-3.105l4.444-26.667z\"><\/path><path opacity=\"0.6\" d=\"M18.295 2.228c0.214-1.286 1.327-2.228 2.63-2.228h7.926c1.648 0 2.901 1.48 2.63 3.105l-4.444 26.667c-0.214 1.286-1.327 2.228-2.63 2.228h-7.926c-1.648 0-2.901-1.48-2.63-3.105l4.444-26.667z\"><\/path><path opacity=\"0.4\" d=\"M4.967 2.198c0.211-1.268 1.309-2.198 2.595-2.198 1.625 0 2.862 1.46 2.595 3.063l-4.457 26.739c-0.211 1.268-1.309 2.198-2.595 2.198-1.625 0-2.862-1.459-2.595-3.063l4.457-26.739z\"><\/path><\/svg>\t\t\t\t\t\t<\/span>\n\t\t\t\t\t\t\t\t\t\t<span class=\"elementor-icon-list-text\">V\u0130ZYON<\/span>\n\t\t\t\t\t\t\t\t\t<\/li>\n\t\t\t\t\t\t<\/ul>\n\t\t\t\t\t\t<\/div>\n\t\t\t\t<\/div>\n\t\t\t\t<div class=\"elementor-element elementor-element-852ed90 elementor-widget__width-initial elementor-widget elementor-widget-text-editor\" data-id=\"852ed90\" data-element_type=\"widget\" data-widget_type=\"text-editor.default\">\n\t\t\t\t<div class=\"elementor-widget-container\">\n\t\t\t\t\t\t\t\t\t<ul><li><p>De\u011fi\u015fen ve geli\u015fen end\u00fcstriyel, sosyal ko\u015fullar\u0131n organizasyonumuza yerle\u015fmesini sa\u011flamak.<\/p><\/li><li><p>Mesleki yeterlilik \u015fartlar\u0131na, iyile\u015ftirme odakl\u0131 tecr\u00fcbe ve edinilmi\u015f derslerimizi katmak.<\/p><\/li><li><p>Verimlilik esasl\u0131 g\u00fc\u00e7l\u00fc \u00fcretim y\u00f6netimi modellerini entegre etmek.<\/p><\/li><li><p>Emniyet, G\u00fcvenlik ve Garanti \u015fartlar\u0131n\u0131 t\u00fcm i\u015f ad\u0131mlar\u0131 ve muhataplara yayg\u0131nla\u015ft\u0131rmak.<\/p><\/li><\/ul><p>\u00a0<\/p><p>\u00a0<\/p><p>\u00a0<\/p><p>\u00a0<\/p>\t\t\t\t\t\t\t\t<\/div>\n\t\t\t\t<\/div>\n\t\t\t\t<\/div>\n\t\t\t\t\t<\/div>\n\t\t\t\t<\/div>\n\t\t\t\t<\/div>\n\t\t","protected":false},"excerpt":{"rendered":"<p>M\u0130SYON \u0130htiya\u00e7 duyulan son teknolojik geli\u015fimleri organizasyonumuza adapte ederek;\u00a0\u00dcr\u00fcn ve Proses konusundaki \u00f6\u011frenilmi\u015f ders ve ba\u015far\u0131lar\u0131m\u0131z\u0131, gelecek nesillere ta\u015f\u0131mak. Tedarik zincirinin bir par\u00e7as\u0131 oldu\u011fumuz sekt\u00f6r\u00fcn, \u00f6nemli oyuncular\u0131 aras\u0131nda yer alarak, Topluma, T\u00fcm payda\u015flara, \u00c7evreye ve Ki\u015fisel veri g\u00fcvenli\u011finde odak organizasyon olmak. V\u0130ZYON De\u011fi\u015fen ve geli\u015fen end\u00fcstriyel, sosyal ko\u015fullar\u0131n organizasyonumuza yerle\u015fmesini sa\u011flamak. Mesleki yeterlilik \u015fartlar\u0131na, iyile\u015ftirme [&hellip;]<\/p>\n","protected":false},"author":1,"featured_media":0,"parent":0,"menu_order":0,"comment_status":"closed","ping_status":"closed","template":"template-homepage.php","meta":{"footnotes":""},"class_list":["post-4663","page","type-page","status-publish","hentry"],"_links":{"self":[{"href":"https:\/\/pikosan.com.tr\/index.php\/wp-json\/wp\/v2\/pages\/4663"}],"collection":[{"href":"https:\/\/pikosan.com.tr\/index.php\/wp-json\/wp\/v2\/pages"}],"about":[{"href":"https:\/\/pikosan.com.tr\/index.php\/wp-json\/wp\/v2\/types\/page"}],"author":[{"embeddable":true,"href":"https:\/\/pikosan.com.tr\/index.php\/wp-json\/wp\/v2\/users\/1"}],"replies":[{"embeddable":true,"href":"https:\/\/pikosan.com.tr\/index.php\/wp-json\/wp\/v2\/comments?post=4663"}],"version-history":[{"count":34,"href":"https:\/\/pikosan.com.tr\/index.php\/wp-json\/wp\/v2\/pages\/4663\/revisions"}],"predecessor-version":[{"id":6091,"href":"https:\/\/pikosan.com.tr\/index.php\/wp-json\/wp\/v2\/pages\/4663\/revisions\/6091"}],"wp:attachment":[{"href":"https:\/\/pikosan.com.tr\/index.php\/wp-json\/wp\/v2\/media?parent=4663"}],"curies":[{"name":"wp","href":"https:\/\/api.w.org\/{rel}","templated":true}]}}