{"id":104,"date":"2024-09-27T10:04:56","date_gmt":"2024-09-27T10:04:56","guid":{"rendered":"https:\/\/demo2wpopal.b-cdn.net\/autoros\/?page_id=104"},"modified":"2025-09-09T05:45:37","modified_gmt":"2025-09-09T05:45:37","slug":"iletisim-2","status":"publish","type":"page","link":"https:\/\/pikosan.com.tr\/index.php\/iletisim-2\/","title":{"rendered":"\u0130leti\u015fim"},"content":{"rendered":"\t\t<div data-elementor-type=\"wp-page\" data-elementor-id=\"104\" class=\"elementor elementor-104\" data-elementor-post-type=\"page\">\n\t\t\t\t<div class=\"elementor-element elementor-element-d40aa8c e-flex e-con-boxed e-con e-parent\" data-id=\"d40aa8c\" data-element_type=\"container\">\n\t\t\t\t\t<div class=\"e-con-inner\">\n\t\t<div class=\"elementor-element elementor-element-ee256ad e-con-full e-flex e-con e-child\" data-id=\"ee256ad\" data-element_type=\"container\">\n\t\t\t\t<div class=\"elementor-element elementor-element-90ce309 elementor-widget elementor-widget-text-editor\" data-id=\"90ce309\" data-element_type=\"widget\" data-widget_type=\"text-editor.default\">\n\t\t\t\t<div class=\"elementor-widget-container\">\n\t\t\t\t\t\t\t\t\t<p><div class=\"wpforms-container wpforms-container-full wpforms-render-modern\" id=\"wpforms-4976\"><form id=\"wpforms-form-4976\" class=\"wpforms-validate wpforms-form wpforms-ajax-form\" data-formid=\"4976\" method=\"post\" enctype=\"multipart\/form-data\" action=\"\/index.php\/wp-json\/wp\/v2\/pages\/104\" data-token=\"b94e5971013ad18e91dfb55d2cdc85b3\" data-token-time=\"1777644733\"><noscript class=\"wpforms-error-noscript\">Bu formu bitirebilmek i\u00e7in taray\u0131c\u0131n\u0131zda JavaScript&#039;i etkinle\u015ftirin.<\/noscript><div class=\"wpforms-hidden\" id=\"wpforms-error-noscript\">Bu formu bitirebilmek i\u00e7in taray\u0131c\u0131n\u0131zda JavaScript&#039;i etkinle\u015ftirin.<\/div><div class=\"wpforms-field-container\"><div id=\"wpforms-4976-field_1-container\" class=\"wpforms-field wpforms-field-name\" data-field-id=\"1\"><fieldset><legend class=\"wpforms-field-label\">Ad\u0131 Soyad\u0131 <span class=\"wpforms-required-label\" aria-hidden=\"true\">*<\/span><\/legend><div class=\"wpforms-field-row wpforms-field-medium\"><div class=\"wpforms-field-row-block wpforms-first wpforms-one-half\"><input type=\"text\" id=\"wpforms-4976-field_1\" class=\"wpforms-field-name-first wpforms-field-required\" name=\"wpforms[fields][1][first]\" aria-errormessage=\"wpforms-4976-field_1-error\" required><label for=\"wpforms-4976-field_1\" class=\"wpforms-field-sublabel after\">Ad<\/label><\/div><div class=\"wpforms-field-row-block wpforms-one-half\"><input type=\"text\" id=\"wpforms-4976-field_1-last\" class=\"wpforms-field-name-last wpforms-field-required\" name=\"wpforms[fields][1][last]\" aria-errormessage=\"wpforms-4976-field_1-last-error\" required><label for=\"wpforms-4976-field_1-last\" class=\"wpforms-field-sublabel after\">Soyad<\/label><\/div><\/div><\/fieldset><\/div>\t\t<div id=\"wpforms-4976-field_4-container\"\n\t\t\tclass=\"wpforms-field wpforms-field-text\"\n\t\t\tdata-field-type=\"text\"\n\t\t\tdata-field-id=\"4\"\n\t\t\t>\n\t\t\t<label class=\"wpforms-field-label\" for=\"wpforms-4976-field_4\" >Mesaj Soyad\u0131 Yorum<\/label>\n\t\t\t<input type=\"text\" id=\"wpforms-4976-field_4\" class=\"wpforms-field-medium\" name=\"wpforms[fields][4]\" >\n\t\t<\/div>\n\t\t<div id=\"wpforms-4976-field_2-container\" class=\"wpforms-field wpforms-field-email\" data-field-id=\"2\"><label class=\"wpforms-field-label\" for=\"wpforms-4976-field_2\">E-posta <span class=\"wpforms-required-label\" aria-hidden=\"true\">*<\/span><\/label><input type=\"email\" id=\"wpforms-4976-field_2\" class=\"wpforms-field-medium wpforms-field-required\" name=\"wpforms[fields][2]\" spellcheck=\"false\" aria-errormessage=\"wpforms-4976-field_2-error\" required><\/div><div id=\"wpforms-4976-field_3-container\" class=\"wpforms-field wpforms-field-textarea\" data-field-id=\"3\"><label class=\"wpforms-field-label\" for=\"wpforms-4976-field_3\">Yorum veya Mesaj<\/label><textarea id=\"wpforms-4976-field_3\" class=\"wpforms-field-medium\" name=\"wpforms[fields][3]\" aria-errormessage=\"wpforms-4976-field_3-error\" ><\/textarea><\/div><script>\n\t\t\t\t( function() {\n\t\t\t\t\tconst style = document.createElement( 'style' );\n\t\t\t\t\tstyle.appendChild( document.createTextNode( '#wpforms-4976-field_4-container { position: absolute !important; overflow: hidden !important; display: inline !important; height: 1px !important; width: 1px !important; z-index: -1000 !important; padding: 0 !important; } #wpforms-4976-field_4-container input { visibility: hidden; } #wpforms-conversational-form-page #wpforms-4976-field_4-container label { counter-increment: none; }' ) );\n\t\t\t\t\tdocument.head.appendChild( style );\n\t\t\t\t\tdocument.currentScript?.remove();\n\t\t\t\t} )();\n\t\t\t<\/script><\/div><!-- .wpforms-field-container --><div class=\"wpforms-recaptcha-container wpforms-is-recaptcha wpforms-is-recaptcha-type-invisible\" ><div class=\"g-recaptcha\" data-sitekey=\"6LcxE3MrAAAAAK1uFYP1iNTTRGJ-urWb_WgWPnEm\" data-size=\"invisible\"><\/div><\/div><div class=\"wpforms-submit-container\" ><input type=\"hidden\" name=\"wpforms[id]\" value=\"4976\"><input type=\"hidden\" name=\"page_title\" value=\"\"><input type=\"hidden\" name=\"page_url\" value=\"https:\/\/pikosan.com.tr\/index.php\/wp-json\/wp\/v2\/pages\/104\"><input type=\"hidden\" name=\"url_referer\" value=\"\"><button type=\"submit\" name=\"wpforms[submit]\" id=\"wpforms-submit-4976\" class=\"wpforms-submit\" data-alt-text=\"G\u00f6nderiliyor...\" data-submit-text=\"G\u00f6nder\" aria-live=\"assertive\" value=\"wpforms-submit\">G\u00f6nder<\/button><img decoding=\"async\" src=\"https:\/\/pikosan.com.tr\/wp-content\/plugins\/wpforms-lite\/assets\/images\/submit-spin.svg\" class=\"wpforms-submit-spinner\" style=\"display: none;\" width=\"26\" height=\"26\" alt=\"Y\u00fckleniyor\"><\/div><\/form><\/div>  <!-- .wpforms-container --><\/p>\t\t\t\t\t\t\t\t<\/div>\n\t\t\t\t<\/div>\n\t\t\t\t<\/div>\n\t\t<div class=\"elementor-element elementor-element-dbafb8f e-con-full e-flex e-con e-child\" data-id=\"dbafb8f\" data-element_type=\"container\">\n\t\t\t\t<div class=\"elementor-element elementor-element-dbc58e4 elementor-icon-list--layout-traditional elementor-list-item-link-full_width elementor-widget elementor-widget-icon-list\" data-id=\"dbc58e4\" data-element_type=\"widget\" data-widget_type=\"icon-list.default\">\n\t\t\t\t<div class=\"elementor-widget-container\">\n\t\t\t\t\t\t\t<ul class=\"elementor-icon-list-items\">\n\t\t\t\t\t\t\t<li class=\"elementor-icon-list-item\">\n\t\t\t\t\t\t\t\t\t\t\t<span class=\"elementor-icon-list-icon\">\n\t\t\t\t\t\t\t<svg xmlns=\"http:\/\/www.w3.org\/2000\/svg\" width=\"59\" height=\"32\" viewBox=\"0 0 59 32\"><path d=\"M39.629 2.228c0.214-1.286 1.327-2.228 2.63-2.228h13.26c1.648 0 2.901 1.48 2.63 3.105l-4.444 26.667c-0.214 1.286-1.327 2.228-2.63 2.228h-13.26c-1.648 0-2.901-1.48-2.63-3.105l4.444-26.667z\"><\/path><path opacity=\"0.6\" d=\"M18.295 2.228c0.214-1.286 1.327-2.228 2.63-2.228h7.926c1.648 0 2.901 1.48 2.63 3.105l-4.444 26.667c-0.214 1.286-1.327 2.228-2.63 2.228h-7.926c-1.648 0-2.901-1.48-2.63-3.105l4.444-26.667z\"><\/path><path opacity=\"0.4\" d=\"M4.967 2.198c0.211-1.268 1.309-2.198 2.595-2.198 1.625 0 2.862 1.46 2.595 3.063l-4.457 26.739c-0.211 1.268-1.309 2.198-2.595 2.198-1.625 0-2.862-1.459-2.595-3.063l4.457-26.739z\"><\/path><\/svg>\t\t\t\t\t\t<\/span>\n\t\t\t\t\t\t\t\t\t\t<span class=\"elementor-icon-list-text\">\u0130LET\u0130\u015e\u0130M B\u0130LG\u0130LER\u0130<\/span>\n\t\t\t\t\t\t\t\t\t<\/li>\n\t\t\t\t\t\t<\/ul>\n\t\t\t\t\t\t<\/div>\n\t\t\t\t<\/div>\n\t\t\t\t<div class=\"elementor-element elementor-element-9e3a0ed elementor-widget elementor-widget-text-editor\" data-id=\"9e3a0ed\" data-element_type=\"widget\" data-widget_type=\"text-editor.default\">\n\t\t\t\t<div class=\"elementor-widget-container\">\n\t\t\t\t\t\t\t\t\t<div style=\"line-height: 1.5;\">\n<p><span style=\"color: #993300;\"><b>P\u0130KOSAN METAL FORM SAN.T\u0130C.A.\u015e.<\/b><\/span><br><strong>Adres<\/strong><b style=\"font-weight: 400;\">:<\/b> NOSAB 201.Sk. Minareli\u00e7avu\u015f OSB Mah. No:10 Nil\u00fcfer \/ Bursa<br><b style=\"font-weight: 400;\">Tel:<\/b> (0224) 411 14 30<br><b style=\"font-weight: 400;\">Fax:<\/b> (0224) 411 14 31<\/p>\n<\/div>\n<div style=\"font-weight: 400; line-height: 1.5;\"><span style=\"color: #993300;\"><b>STA KALIP MAK\u0130NA SAN. T\u0130C. A.\u015e.<\/b><\/span><br><b>Adres:<\/b> Minareli\u00e7avu\u015f OSB Mh. No:201 Sk No:3 Nil\u00fcfer\/Bursa<br><b>Tel: <\/b>(0224) 888 07 82<br><b>Fax:<\/b> (0224) 888 17 82<\/div>\t\t\t\t\t\t\t\t<\/div>\n\t\t\t\t<\/div>\n\t\t\t\t<\/div>\n\t\t\t\t\t<\/div>\n\t\t\t\t<\/div>\n\t\t\t\t<\/div>\n\t\t","protected":false},"excerpt":{"rendered":"<p>\u0130LET\u0130\u015e\u0130M B\u0130LG\u0130LER\u0130 P\u0130KOSAN METAL FORM SAN.T\u0130C.A.\u015e.Adres: NOSAB 201.Sk. Minareli\u00e7avu\u015f OSB Mah. No:10 Nil\u00fcfer \/ BursaTel: (0224) 411 14 30Fax: (0224) 411 14 31 STA KALIP MAK\u0130NA SAN. T\u0130C. A.\u015e.Adres: Minareli\u00e7avu\u015f OSB Mh. No:201 Sk No:3 Nil\u00fcfer\/BursaTel: (0224) 888 07 82Fax: (0224) 888 17 82<\/p>\n","protected":false},"author":1,"featured_media":0,"parent":0,"menu_order":0,"comment_status":"closed","ping_status":"closed","template":"template-homepage.php","meta":{"footnotes":""},"class_list":["post-104","page","type-page","status-publish","hentry"],"_links":{"self":[{"href":"https:\/\/pikosan.com.tr\/index.php\/wp-json\/wp\/v2\/pages\/104"}],"collection":[{"href":"https:\/\/pikosan.com.tr\/index.php\/wp-json\/wp\/v2\/pages"}],"about":[{"href":"https:\/\/pikosan.com.tr\/index.php\/wp-json\/wp\/v2\/types\/page"}],"author":[{"embeddable":true,"href":"https:\/\/pikosan.com.tr\/index.php\/wp-json\/wp\/v2\/users\/1"}],"replies":[{"embeddable":true,"href":"https:\/\/pikosan.com.tr\/index.php\/wp-json\/wp\/v2\/comments?post=104"}],"version-history":[{"count":52,"href":"https:\/\/pikosan.com.tr\/index.php\/wp-json\/wp\/v2\/pages\/104\/revisions"}],"predecessor-version":[{"id":6127,"href":"https:\/\/pikosan.com.tr\/index.php\/wp-json\/wp\/v2\/pages\/104\/revisions\/6127"}],"wp:attachment":[{"href":"https:\/\/pikosan.com.tr\/index.php\/wp-json\/wp\/v2\/media?parent=104"}],"curies":[{"name":"wp","href":"https:\/\/api.w.org\/{rel}","templated":true}]}}